{"id":967,"date":"2018-10-07T23:15:52","date_gmt":"2018-10-07T23:15:52","guid":{"rendered":"http:\/\/www.milltech.it\/?page_id=967"},"modified":"2018-10-07T23:15:52","modified_gmt":"2018-10-07T23:15:52","slug":"mechanik-allgemein","status":"publish","type":"page","link":"https:\/\/www.milltech.it\/de\/verarbeitung-2\/mechanik-allgemein\/","title":{"rendered":"Mechanik allgemein"},"content":{"rendered":"<div id=\"pl-967\"  class=\"panel-layout\" ><div id=\"pg-967-0\"  class=\"panel-grid panel-no-style\" ><div id=\"pgc-967-0-0\"  class=\"panel-grid-cell\" ><div id=\"panel-967-0-0-0\" class=\"so-panel widget widget_nav_menu panel-first-child panel-last-child\" data-index=\"0\" ><h3 class=\"widget-title\">Verarbeitung<\/h3><div class=\"menu-menu-lavorazioni-de-container\"><ul id=\"menu-menu-lavorazioni-de\" class=\"menu\"><li id=\"menu-item-935\" class=\"menu-item menu-item-type-post_type menu-item-object-page menu-item-935\"><a href=\"https:\/\/www.milltech.it\/de\/verarbeitung-2\/drehen\/\">Drehen<\/a><\/li>\n<li id=\"menu-item-936\" class=\"menu-item menu-item-type-post_type menu-item-object-page menu-item-936\"><a href=\"https:\/\/www.milltech.it\/de\/verarbeitung-2\/fraesen\/\">Fr\u00e4sen<\/a><\/li>\n<li id=\"menu-item-982\" class=\"menu-item menu-item-type-post_type menu-item-object-page menu-item-982\"><a href=\"https:\/\/www.milltech.it\/de\/verarbeitung-2\/mechanik-fuer-den-bereich-hydraulik\/\">Mechanik f\u00fcr den Bereich Hydraulik<\/a><\/li>\n<li id=\"menu-item-983\" class=\"menu-item menu-item-type-post_type menu-item-object-page menu-item-983\"><a href=\"https:\/\/www.milltech.it\/de\/verarbeitung-2\/mechanik-allgemein\/\">Mechanik allgemein<\/a><\/li>\n<li id=\"menu-item-984\" class=\"menu-item menu-item-type-post_type menu-item-object-page menu-item-984\"><a href=\"https:\/\/www.milltech.it\/de\/verarbeitung-2\/plattenherstellung\/\">Plattenherstellung<\/a><\/li>\n<li id=\"menu-item-985\" class=\"menu-item menu-item-type-post_type menu-item-object-page menu-item-985\"><a href=\"https:\/\/www.milltech.it\/de\/verarbeitung-2\/kunststoff-verarbeitung\/\">Kunststoff-Verarbeitung<\/a><\/li>\n<li id=\"menu-item-986\" class=\"menu-item menu-item-type-post_type menu-item-object-page menu-item-986\"><a href=\"https:\/\/www.milltech.it\/de\/verarbeitung-2\/giessen\/\">Gie\u00dfen<\/a><\/li>\n<li id=\"menu-item-987\" class=\"menu-item menu-item-type-post_type menu-item-object-page menu-item-987\"><a href=\"https:\/\/www.milltech.it\/de\/verarbeitung-2\/mechanik-fuer-den-bereich-biomedizin\/\">Mechanik f\u00fcr den Bereich Biomedizin<\/a><\/li>\n<li id=\"menu-item-988\" class=\"menu-item menu-item-type-post_type menu-item-object-page menu-item-988\"><a href=\"https:\/\/www.milltech.it\/de\/verarbeitung-2\/mechanik-fuer-den-bereich-optik\/\">Mechanik f\u00fcr den Bereich Optik<\/a><\/li>\n<li id=\"menu-item-989\" class=\"menu-item menu-item-type-post_type menu-item-object-page menu-item-989\"><a href=\"https:\/\/www.milltech.it\/de\/verarbeitung-2\/mechanik-fuer-den-bereich-elektronik\/\">Mechanik f\u00fcr den Bereich Elektronik<\/a><\/li>\n<li id=\"menu-item-990\" class=\"menu-item menu-item-type-post_type menu-item-object-page menu-item-990\"><a href=\"https:\/\/www.milltech.it\/de\/verarbeitung-2\/titan-verarbeitung\/\">Titan-Verarbeitung<\/a><\/li>\n<\/ul><\/div><\/div><\/div><div id=\"pgc-967-0-1\"  class=\"panel-grid-cell\" ><div id=\"panel-967-0-1-0\" class=\"so-panel widget widget_sow-editor panel-first-child panel-last-child\" data-index=\"1\" ><div\n\t\t\t\n\t\t\tclass=\"so-widget-sow-editor so-widget-sow-editor-base\"\n\t\t\t\n\t\t><h3 class=\"widget-title\"> Mechanik allgemein<\/h3>\n<div class=\"siteorigin-widget-tinymce textwidget\">\n\t<div class=\"siteorigin-widget-tinymce textwidget\">\n<div class=\"siteorigin-widget-tinymce textwidget\">\n<div class=\"sow-accordion-panel-content\">\n<div class=\"sow-accordion-panel-border\">\n<p>Wir stellen die Komponenten in vertikalen Bearbeitungszentren und auf CNC-Drehb\u00e4nken her.<\/p>\n<p>\u00dcber die Jahre haben wir Erfahrung mit verschiedenen Produktionsarten gesammelt und sind den unterschiedlichsten Kundenanforderungen nachgekommen, so dass wir Mechanik f\u00fcr nahezu alle Produktarten herstellen k\u00f6nnen.<\/p>\n<p>Zu unseren St\u00e4rken z\u00e4hlen auf jeden Fall die Pr\u00e4zision des Endprodukts und die Qualit\u00e4t.<\/p>\n<p>F\u00fcr die minimalen und maximalen Gr\u00f6\u00dfen der Werkst\u00fccke siehe Produktion.<\/p>\n\n\t\t<style type=\"text\/css\">\n\t\t\t#gallery-1 {\n\t\t\t\tmargin: auto;\n\t\t\t}\n\t\t\t#gallery-1 .gallery-item {\n\t\t\t\tfloat: left;\n\t\t\t\tmargin-top: 10px;\n\t\t\t\ttext-align: center;\n\t\t\t\twidth: 50%;\n\t\t\t}\n\t\t\t#gallery-1 img {\n\t\t\t\tborder: 2px solid #cfcfcf;\n\t\t\t}\n\t\t\t#gallery-1 .gallery-caption {\n\t\t\t\tmargin-left: 0;\n\t\t\t}\n\t\t\t\/* see gallery_shortcode() in wp-includes\/media.php *\/\n\t\t<\/style>\n\t\t<div id='gallery-1' class='gallery galleryid-967 gallery-columns-2 gallery-size-medium'><dl class='gallery-item'>\n\t\t\t<dt class='gallery-icon landscape'>\n\t\t\t\t<a href='https:\/\/www.milltech.it\/de\/verarbeitung-2\/lavorazioni-meccaniche-di-precisione-4-2\/#main'><img loading=\"lazy\" decoding=\"async\" width=\"300\" height=\"199\" src=\"https:\/\/www.milltech.it\/wp-content\/uploads\/2018\/07\/lavorazioni-meccaniche-di-precisione-4-300x199.jpg\" class=\"attachment-medium size-medium\" alt=\"\" srcset=\"https:\/\/www.milltech.it\/wp-content\/uploads\/2018\/07\/lavorazioni-meccaniche-di-precisione-4-300x199.jpg 300w, https:\/\/www.milltech.it\/wp-content\/uploads\/2018\/07\/lavorazioni-meccaniche-di-precisione-4-768x510.jpg 768w, https:\/\/www.milltech.it\/wp-content\/uploads\/2018\/07\/lavorazioni-meccaniche-di-precisione-4-600x400.jpg 600w, https:\/\/www.milltech.it\/wp-content\/uploads\/2018\/07\/lavorazioni-meccaniche-di-precisione-4.jpg 800w\" sizes=\"auto, (max-width: 300px) 100vw, 300px\" \/><\/a>\n\t\t\t<\/dt><\/dl><dl class='gallery-item'>\n\t\t\t<dt class='gallery-icon landscape'>\n\t\t\t\t<a href='https:\/\/www.milltech.it\/de\/verarbeitung-2\/lavorazioni_meccaniche_di_precisione_2-2\/#main'><img loading=\"lazy\" decoding=\"async\" width=\"300\" height=\"188\" src=\"https:\/\/www.milltech.it\/wp-content\/uploads\/2018\/07\/lavorazioni_meccaniche_di_precisione_2-300x188.jpg\" class=\"attachment-medium size-medium\" alt=\"\" srcset=\"https:\/\/www.milltech.it\/wp-content\/uploads\/2018\/07\/lavorazioni_meccaniche_di_precisione_2-300x188.jpg 300w, https:\/\/www.milltech.it\/wp-content\/uploads\/2018\/07\/lavorazioni_meccaniche_di_precisione_2-768x480.jpg 768w, https:\/\/www.milltech.it\/wp-content\/uploads\/2018\/07\/lavorazioni_meccaniche_di_precisione_2-436x272.jpg 436w, https:\/\/www.milltech.it\/wp-content\/uploads\/2018\/07\/lavorazioni_meccaniche_di_precisione_2.jpg 800w\" sizes=\"auto, (max-width: 300px) 100vw, 300px\" \/><\/a>\n\t\t\t<\/dt><\/dl><br style=\"clear: both\" \/><dl class='gallery-item'>\n\t\t\t<dt class='gallery-icon landscape'>\n\t\t\t\t<a href='https:\/\/www.milltech.it\/de\/verarbeitung-2\/lavorazioni-meccaniche-di-precisione-3-2\/#main'><img loading=\"lazy\" decoding=\"async\" width=\"300\" height=\"195\" src=\"https:\/\/www.milltech.it\/wp-content\/uploads\/2018\/07\/lavorazioni-meccaniche-di-precisione-3-300x195.jpg\" class=\"attachment-medium size-medium\" alt=\"\" srcset=\"https:\/\/www.milltech.it\/wp-content\/uploads\/2018\/07\/lavorazioni-meccaniche-di-precisione-3-300x195.jpg 300w, https:\/\/www.milltech.it\/wp-content\/uploads\/2018\/07\/lavorazioni-meccaniche-di-precisione-3-768x500.jpg 768w, https:\/\/www.milltech.it\/wp-content\/uploads\/2018\/07\/lavorazioni-meccaniche-di-precisione-3.jpg 800w\" sizes=\"auto, (max-width: 300px) 100vw, 300px\" \/><\/a>\n\t\t\t<\/dt><\/dl><dl class='gallery-item'>\n\t\t\t<dt class='gallery-icon landscape'>\n\t\t\t\t<a href='https:\/\/www.milltech.it\/de\/verarbeitung-2\/lavorazioni-meccaniche-di-precisione-2\/#main'><img loading=\"lazy\" decoding=\"async\" width=\"300\" height=\"225\" src=\"https:\/\/www.milltech.it\/wp-content\/uploads\/2018\/07\/lavorazioni-meccaniche-di-precisione-300x225.jpg\" class=\"attachment-medium size-medium\" alt=\"\" srcset=\"https:\/\/www.milltech.it\/wp-content\/uploads\/2018\/07\/lavorazioni-meccaniche-di-precisione-300x225.jpg 300w, https:\/\/www.milltech.it\/wp-content\/uploads\/2018\/07\/lavorazioni-meccaniche-di-precisione-768x576.jpg 768w, https:\/\/www.milltech.it\/wp-content\/uploads\/2018\/07\/lavorazioni-meccaniche-di-precisione.jpg 800w\" sizes=\"auto, (max-width: 300px) 100vw, 300px\" \/><\/a>\n\t\t\t<\/dt><\/dl><br style=\"clear: both\" \/>\n\t\t<\/div>\n\n<\/div>\n<\/div>\n<\/div>\n<\/div>\n<\/div>\n<\/div><\/div><\/div><\/div><\/div>","protected":false},"excerpt":{"rendered":"<p>Wir stellen die Komponenten in vertikalen Bearbeitungszentren und auf CNC-Drehb\u00e4nken her. \u00dcber die Jahre haben wir Erfahrung mit verschiedenen Produktionsarten gesammelt und sind den unterschiedlichsten Kundenanforderungen nachgekommen, so dass wir Mechanik f\u00fcr nahezu alle Produktarten herstellen k\u00f6nnen. Zu unseren St\u00e4rken z\u00e4hlen auf jeden Fall die Pr\u00e4zision des Endprodukts und die Qualit\u00e4t. F\u00fcr die minimalen und [&hellip;]<\/p>\n","protected":false},"author":1,"featured_media":0,"parent":924,"menu_order":0,"comment_status":"closed","ping_status":"closed","template":"templates\/template-full-notitle.php","meta":{"footnotes":""},"class_list":["post-967","page","type-page","status-publish","hentry","post"],"_links":{"self":[{"href":"https:\/\/www.milltech.it\/de\/wp-json\/wp\/v2\/pages\/967","targetHints":{"allow":["GET"]}}],"collection":[{"href":"https:\/\/www.milltech.it\/de\/wp-json\/wp\/v2\/pages"}],"about":[{"href":"https:\/\/www.milltech.it\/de\/wp-json\/wp\/v2\/types\/page"}],"author":[{"embeddable":true,"href":"https:\/\/www.milltech.it\/de\/wp-json\/wp\/v2\/users\/1"}],"replies":[{"embeddable":true,"href":"https:\/\/www.milltech.it\/de\/wp-json\/wp\/v2\/comments?post=967"}],"version-history":[{"count":0,"href":"https:\/\/www.milltech.it\/de\/wp-json\/wp\/v2\/pages\/967\/revisions"}],"up":[{"embeddable":true,"href":"https:\/\/www.milltech.it\/de\/wp-json\/wp\/v2\/pages\/924"}],"wp:attachment":[{"href":"https:\/\/www.milltech.it\/de\/wp-json\/wp\/v2\/media?parent=967"}],"curies":[{"name":"wp","href":"https:\/\/api.w.org\/{rel}","templated":true}]}}