{"id":959,"date":"2018-10-07T23:11:49","date_gmt":"2018-10-07T23:11:49","guid":{"rendered":"http:\/\/www.milltech.it\/?page_id=959"},"modified":"2018-10-07T23:11:56","modified_gmt":"2018-10-07T23:11:56","slug":"kunststoff-verarbeitung","status":"publish","type":"page","link":"https:\/\/www.milltech.it\/de\/verarbeitung-2\/kunststoff-verarbeitung\/","title":{"rendered":"Kunststoff-Verarbeitung"},"content":{"rendered":"<div id=\"pl-959\"  class=\"panel-layout\" ><div id=\"pg-959-0\"  class=\"panel-grid panel-no-style\" ><div id=\"pgc-959-0-0\"  class=\"panel-grid-cell\" ><div id=\"panel-959-0-0-0\" class=\"so-panel widget widget_nav_menu panel-first-child panel-last-child\" data-index=\"0\" ><h3 class=\"widget-title\">Verarbeitung<\/h3><div class=\"menu-menu-lavorazioni-de-container\"><ul id=\"menu-menu-lavorazioni-de\" class=\"menu\"><li id=\"menu-item-935\" class=\"menu-item menu-item-type-post_type menu-item-object-page menu-item-935\"><a href=\"https:\/\/www.milltech.it\/de\/verarbeitung-2\/drehen\/\">Drehen<\/a><\/li>\n<li id=\"menu-item-936\" class=\"menu-item menu-item-type-post_type menu-item-object-page menu-item-936\"><a href=\"https:\/\/www.milltech.it\/de\/verarbeitung-2\/fraesen\/\">Fr\u00e4sen<\/a><\/li>\n<li id=\"menu-item-982\" class=\"menu-item menu-item-type-post_type menu-item-object-page menu-item-982\"><a href=\"https:\/\/www.milltech.it\/de\/verarbeitung-2\/mechanik-fuer-den-bereich-hydraulik\/\">Mechanik f\u00fcr den Bereich Hydraulik<\/a><\/li>\n<li id=\"menu-item-983\" class=\"menu-item menu-item-type-post_type menu-item-object-page menu-item-983\"><a href=\"https:\/\/www.milltech.it\/de\/verarbeitung-2\/mechanik-allgemein\/\">Mechanik allgemein<\/a><\/li>\n<li id=\"menu-item-984\" class=\"menu-item menu-item-type-post_type menu-item-object-page menu-item-984\"><a href=\"https:\/\/www.milltech.it\/de\/verarbeitung-2\/plattenherstellung\/\">Plattenherstellung<\/a><\/li>\n<li id=\"menu-item-985\" class=\"menu-item menu-item-type-post_type menu-item-object-page menu-item-985\"><a href=\"https:\/\/www.milltech.it\/de\/verarbeitung-2\/kunststoff-verarbeitung\/\">Kunststoff-Verarbeitung<\/a><\/li>\n<li id=\"menu-item-986\" class=\"menu-item menu-item-type-post_type menu-item-object-page menu-item-986\"><a href=\"https:\/\/www.milltech.it\/de\/verarbeitung-2\/giessen\/\">Gie\u00dfen<\/a><\/li>\n<li id=\"menu-item-987\" class=\"menu-item menu-item-type-post_type menu-item-object-page menu-item-987\"><a href=\"https:\/\/www.milltech.it\/de\/verarbeitung-2\/mechanik-fuer-den-bereich-biomedizin\/\">Mechanik f\u00fcr den Bereich Biomedizin<\/a><\/li>\n<li id=\"menu-item-988\" class=\"menu-item menu-item-type-post_type menu-item-object-page menu-item-988\"><a href=\"https:\/\/www.milltech.it\/de\/verarbeitung-2\/mechanik-fuer-den-bereich-optik\/\">Mechanik f\u00fcr den Bereich Optik<\/a><\/li>\n<li id=\"menu-item-989\" class=\"menu-item menu-item-type-post_type menu-item-object-page menu-item-989\"><a href=\"https:\/\/www.milltech.it\/de\/verarbeitung-2\/mechanik-fuer-den-bereich-elektronik\/\">Mechanik f\u00fcr den Bereich Elektronik<\/a><\/li>\n<li id=\"menu-item-990\" class=\"menu-item menu-item-type-post_type menu-item-object-page menu-item-990\"><a href=\"https:\/\/www.milltech.it\/de\/verarbeitung-2\/titan-verarbeitung\/\">Titan-Verarbeitung<\/a><\/li>\n<\/ul><\/div><\/div><\/div><div id=\"pgc-959-0-1\"  class=\"panel-grid-cell\" ><div id=\"panel-959-0-1-0\" class=\"so-panel widget widget_sow-editor panel-first-child panel-last-child\" data-index=\"1\" ><div\n\t\t\t\n\t\t\tclass=\"so-widget-sow-editor so-widget-sow-editor-base\"\n\t\t\t\n\t\t><h3 class=\"widget-title\">Kunststoff-Verarbeitung<\/h3>\n<div class=\"siteorigin-widget-tinymce textwidget\">\n\t<div class=\"siteorigin-widget-tinymce textwidget\">\n<div class=\"siteorigin-widget-tinymce textwidget\">\n<p>Milltech kann alle handels\u00fcblichen Kunststoffe wie Plexiglas, PVC, Nylon, Teflon, Derlin usw. verarbeiten.<\/p>\n<p>Alle Erzeugnisse werden nach Plan durch Fr\u00e4sen und Drehen hergestellt.<\/p>\n<p>Durch unsere umfassenden Kenntnisse hinsichtlich der Kunststoffverarbeitung k\u00f6nnen wir die geeigneten Verfahren und Werkzeuge zur Umsetzung der gew\u00fcnschten Produkte bestimmen.<\/p>\n\n\t\t<style type=\"text\/css\">\n\t\t\t#gallery-1 {\n\t\t\t\tmargin: auto;\n\t\t\t}\n\t\t\t#gallery-1 .gallery-item {\n\t\t\t\tfloat: left;\n\t\t\t\tmargin-top: 10px;\n\t\t\t\ttext-align: center;\n\t\t\t\twidth: 50%;\n\t\t\t}\n\t\t\t#gallery-1 img {\n\t\t\t\tborder: 2px solid #cfcfcf;\n\t\t\t}\n\t\t\t#gallery-1 .gallery-caption {\n\t\t\t\tmargin-left: 0;\n\t\t\t}\n\t\t\t\/* see gallery_shortcode() in wp-includes\/media.php *\/\n\t\t<\/style>\n\t\t<div id='gallery-1' class='gallery galleryid-959 gallery-columns-2 gallery-size-medium'><dl class='gallery-item'>\n\t\t\t<dt class='gallery-icon landscape'>\n\t\t\t\t<a href='https:\/\/www.milltech.it\/de\/verarbeitung-2\/materie_plastiche_fresatua_tornitura_milltech-3\/#main'><img loading=\"lazy\" decoding=\"async\" width=\"300\" height=\"169\" src=\"https:\/\/www.milltech.it\/wp-content\/uploads\/2018\/07\/materie_plastiche_fresatua_tornitura_milltech-300x169.jpg\" class=\"attachment-medium size-medium\" alt=\"\" srcset=\"https:\/\/www.milltech.it\/wp-content\/uploads\/2018\/07\/materie_plastiche_fresatua_tornitura_milltech-300x169.jpg 300w, https:\/\/www.milltech.it\/wp-content\/uploads\/2018\/07\/materie_plastiche_fresatua_tornitura_milltech-768x432.jpg 768w, https:\/\/www.milltech.it\/wp-content\/uploads\/2018\/07\/materie_plastiche_fresatua_tornitura_milltech.jpg 1000w\" sizes=\"auto, (max-width: 300px) 100vw, 300px\" \/><\/a>\n\t\t\t<\/dt><\/dl><dl class='gallery-item'>\n\t\t\t<dt class='gallery-icon landscape'>\n\t\t\t\t<a href='https:\/\/www.milltech.it\/de\/verarbeitung-2\/lavorazione-materie-plastiche-2\/#main'><img loading=\"lazy\" decoding=\"async\" width=\"300\" height=\"199\" src=\"https:\/\/www.milltech.it\/wp-content\/uploads\/2018\/07\/lavorazione-materie-plastiche-300x199.jpg\" class=\"attachment-medium size-medium\" alt=\"\" srcset=\"https:\/\/www.milltech.it\/wp-content\/uploads\/2018\/07\/lavorazione-materie-plastiche-300x199.jpg 300w, https:\/\/www.milltech.it\/wp-content\/uploads\/2018\/07\/lavorazione-materie-plastiche-768x510.jpg 768w, https:\/\/www.milltech.it\/wp-content\/uploads\/2018\/07\/lavorazione-materie-plastiche-600x400.jpg 600w, https:\/\/www.milltech.it\/wp-content\/uploads\/2018\/07\/lavorazione-materie-plastiche.jpg 800w\" sizes=\"auto, (max-width: 300px) 100vw, 300px\" \/><\/a>\n\t\t\t<\/dt><\/dl><br style=\"clear: both\" \/>\n\t\t<\/div>\n\n<\/div>\n<\/div>\n<\/div>\n<\/div><\/div><\/div><\/div><\/div>","protected":false},"excerpt":{"rendered":"<p>Milltech kann alle handels\u00fcblichen Kunststoffe wie Plexiglas, PVC, Nylon, Teflon, Derlin usw. verarbeiten. Alle Erzeugnisse werden nach Plan durch Fr\u00e4sen und Drehen hergestellt. Durch unsere umfassenden Kenntnisse hinsichtlich der Kunststoffverarbeitung k\u00f6nnen wir die geeigneten Verfahren und Werkzeuge zur Umsetzung der gew\u00fcnschten Produkte bestimmen.<\/p>\n","protected":false},"author":1,"featured_media":0,"parent":924,"menu_order":0,"comment_status":"closed","ping_status":"closed","template":"templates\/template-full-notitle.php","meta":{"footnotes":""},"class_list":["post-959","page","type-page","status-publish","hentry","post"],"_links":{"self":[{"href":"https:\/\/www.milltech.it\/de\/wp-json\/wp\/v2\/pages\/959","targetHints":{"allow":["GET"]}}],"collection":[{"href":"https:\/\/www.milltech.it\/de\/wp-json\/wp\/v2\/pages"}],"about":[{"href":"https:\/\/www.milltech.it\/de\/wp-json\/wp\/v2\/types\/page"}],"author":[{"embeddable":true,"href":"https:\/\/www.milltech.it\/de\/wp-json\/wp\/v2\/users\/1"}],"replies":[{"embeddable":true,"href":"https:\/\/www.milltech.it\/de\/wp-json\/wp\/v2\/comments?post=959"}],"version-history":[{"count":0,"href":"https:\/\/www.milltech.it\/de\/wp-json\/wp\/v2\/pages\/959\/revisions"}],"up":[{"embeddable":true,"href":"https:\/\/www.milltech.it\/de\/wp-json\/wp\/v2\/pages\/924"}],"wp:attachment":[{"href":"https:\/\/www.milltech.it\/de\/wp-json\/wp\/v2\/media?parent=959"}],"curies":[{"name":"wp","href":"https:\/\/api.w.org\/{rel}","templated":true}]}}