{"id":947,"date":"2018-10-07T23:05:05","date_gmt":"2018-10-07T23:05:05","guid":{"rendered":"http:\/\/www.milltech.it\/?page_id=947"},"modified":"2018-11-02T16:31:39","modified_gmt":"2018-11-02T15:31:39","slug":"mechanik-fuer-den-bereich-optik","status":"publish","type":"page","link":"https:\/\/www.milltech.it\/de\/verarbeitung-2\/mechanik-fuer-den-bereich-optik\/","title":{"rendered":"Mechanik f\u00fcr den Bereich Optik"},"content":{"rendered":"<div id=\"pl-947\"  class=\"panel-layout\" ><div id=\"pg-947-0\"  class=\"panel-grid panel-no-style\" ><div id=\"pgc-947-0-0\"  class=\"panel-grid-cell\" ><div id=\"panel-947-0-0-0\" class=\"so-panel widget widget_nav_menu panel-first-child panel-last-child\" data-index=\"0\" ><h3 class=\"widget-title\">Verarbeitung<\/h3><div class=\"menu-menu-lavorazioni-de-container\"><ul id=\"menu-menu-lavorazioni-de\" class=\"menu\"><li id=\"menu-item-935\" class=\"menu-item menu-item-type-post_type menu-item-object-page menu-item-935\"><a href=\"https:\/\/www.milltech.it\/de\/verarbeitung-2\/drehen\/\">Drehen<\/a><\/li>\n<li id=\"menu-item-936\" class=\"menu-item menu-item-type-post_type menu-item-object-page menu-item-936\"><a href=\"https:\/\/www.milltech.it\/de\/verarbeitung-2\/fraesen\/\">Fr\u00e4sen<\/a><\/li>\n<li id=\"menu-item-982\" class=\"menu-item menu-item-type-post_type menu-item-object-page menu-item-982\"><a href=\"https:\/\/www.milltech.it\/de\/verarbeitung-2\/mechanik-fuer-den-bereich-hydraulik\/\">Mechanik f\u00fcr den Bereich Hydraulik<\/a><\/li>\n<li id=\"menu-item-983\" class=\"menu-item menu-item-type-post_type menu-item-object-page menu-item-983\"><a href=\"https:\/\/www.milltech.it\/de\/verarbeitung-2\/mechanik-allgemein\/\">Mechanik allgemein<\/a><\/li>\n<li id=\"menu-item-984\" class=\"menu-item menu-item-type-post_type menu-item-object-page menu-item-984\"><a href=\"https:\/\/www.milltech.it\/de\/verarbeitung-2\/plattenherstellung\/\">Plattenherstellung<\/a><\/li>\n<li id=\"menu-item-985\" class=\"menu-item menu-item-type-post_type menu-item-object-page menu-item-985\"><a href=\"https:\/\/www.milltech.it\/de\/verarbeitung-2\/kunststoff-verarbeitung\/\">Kunststoff-Verarbeitung<\/a><\/li>\n<li id=\"menu-item-986\" class=\"menu-item menu-item-type-post_type menu-item-object-page menu-item-986\"><a href=\"https:\/\/www.milltech.it\/de\/verarbeitung-2\/giessen\/\">Gie\u00dfen<\/a><\/li>\n<li id=\"menu-item-987\" class=\"menu-item menu-item-type-post_type menu-item-object-page menu-item-987\"><a href=\"https:\/\/www.milltech.it\/de\/verarbeitung-2\/mechanik-fuer-den-bereich-biomedizin\/\">Mechanik f\u00fcr den Bereich Biomedizin<\/a><\/li>\n<li id=\"menu-item-988\" class=\"menu-item menu-item-type-post_type menu-item-object-page menu-item-988\"><a href=\"https:\/\/www.milltech.it\/de\/verarbeitung-2\/mechanik-fuer-den-bereich-optik\/\">Mechanik f\u00fcr den Bereich Optik<\/a><\/li>\n<li id=\"menu-item-989\" class=\"menu-item menu-item-type-post_type menu-item-object-page menu-item-989\"><a href=\"https:\/\/www.milltech.it\/de\/verarbeitung-2\/mechanik-fuer-den-bereich-elektronik\/\">Mechanik f\u00fcr den Bereich Elektronik<\/a><\/li>\n<li id=\"menu-item-990\" class=\"menu-item menu-item-type-post_type menu-item-object-page menu-item-990\"><a href=\"https:\/\/www.milltech.it\/de\/verarbeitung-2\/titan-verarbeitung\/\">Titan-Verarbeitung<\/a><\/li>\n<\/ul><\/div><\/div><\/div><div id=\"pgc-947-0-1\"  class=\"panel-grid-cell\" ><div id=\"panel-947-0-1-0\" class=\"so-panel widget widget_sow-editor panel-first-child panel-last-child\" data-index=\"1\" ><div\n\t\t\t\n\t\t\tclass=\"so-widget-sow-editor so-widget-sow-editor-base\"\n\t\t\t\n\t\t><h3 class=\"widget-title\">Mechanik f\u00fcr den Bereich Optik<\/h3>\n<div class=\"siteorigin-widget-tinymce textwidget\">\n\t<div class=\"siteorigin-widget-tinymce textwidget\">\n<div class=\"siteorigin-widget-tinymce textwidget\">\n<div class=\"sow-accordion-panel-content\">\n<div class=\"sow-accordion-panel-border\">\n<p>Milltech bringt die n\u00f6tige Erfahrung mit, um jeglichen Artikel im Optikbereich herzustellen, von Messplatten f\u00fcr Laserstrahlen bis hin zu Objektiven f\u00fcr optische Medien im Allgemeinen.<\/p>\n<p>Milltech zeichnet sich durch Qualit\u00e4t und Zuverl\u00e4ssigkeit aus.<\/p>\n<p>Milltech has the Know-how required to design, prototype and manufacture Wir verf\u00fcgen \u00fcber das n\u00f6tige Know-how zur Planung, Prototyperstellung und Produktion fertiger optischer Baugruppen.<\/p>\n\n\t\t<style type=\"text\/css\">\n\t\t\t#gallery-1 {\n\t\t\t\tmargin: auto;\n\t\t\t}\n\t\t\t#gallery-1 .gallery-item {\n\t\t\t\tfloat: left;\n\t\t\t\tmargin-top: 10px;\n\t\t\t\ttext-align: center;\n\t\t\t\twidth: 50%;\n\t\t\t}\n\t\t\t#gallery-1 img {\n\t\t\t\tborder: 2px solid #cfcfcf;\n\t\t\t}\n\t\t\t#gallery-1 .gallery-caption {\n\t\t\t\tmargin-left: 0;\n\t\t\t}\n\t\t\t\/* see gallery_shortcode() in wp-includes\/media.php *\/\n\t\t<\/style>\n\t\t<div id='gallery-1' class='gallery galleryid-947 gallery-columns-2 gallery-size-medium'><dl class='gallery-item'>\n\t\t\t<dt class='gallery-icon landscape'>\n\t\t\t\t<a href='https:\/\/www.milltech.it\/de\/verarbeitung-2\/meccanica-per-ottica-esempi-2\/#main'><img loading=\"lazy\" decoding=\"async\" width=\"300\" height=\"225\" src=\"https:\/\/www.milltech.it\/wp-content\/uploads\/2018\/07\/Meccanica-per-Ottica-esempi-300x225.jpg\" class=\"attachment-medium size-medium\" alt=\"\" srcset=\"https:\/\/www.milltech.it\/wp-content\/uploads\/2018\/07\/Meccanica-per-Ottica-esempi-300x225.jpg 300w, https:\/\/www.milltech.it\/wp-content\/uploads\/2018\/07\/Meccanica-per-Ottica-esempi-768x576.jpg 768w, https:\/\/www.milltech.it\/wp-content\/uploads\/2018\/07\/Meccanica-per-Ottica-esempi-1024x768.jpg 1024w, https:\/\/www.milltech.it\/wp-content\/uploads\/2018\/07\/Meccanica-per-Ottica-esempi.jpg 2000w\" sizes=\"auto, (max-width: 300px) 100vw, 300px\" \/><\/a>\n\t\t\t<\/dt><\/dl><dl class='gallery-item'>\n\t\t\t<dt class='gallery-icon landscape'>\n\t\t\t\t<a href='https:\/\/www.milltech.it\/de\/verarbeitung-2\/meccanica-per-ottica-immagine-prodotti-2\/#main'><img loading=\"lazy\" decoding=\"async\" width=\"300\" height=\"225\" src=\"https:\/\/www.milltech.it\/wp-content\/uploads\/2018\/07\/Meccanica-per-Ottica-immagine-prodotti-300x225.jpg\" class=\"attachment-medium size-medium\" alt=\"\" srcset=\"https:\/\/www.milltech.it\/wp-content\/uploads\/2018\/07\/Meccanica-per-Ottica-immagine-prodotti-300x225.jpg 300w, https:\/\/www.milltech.it\/wp-content\/uploads\/2018\/07\/Meccanica-per-Ottica-immagine-prodotti-768x576.jpg 768w, https:\/\/www.milltech.it\/wp-content\/uploads\/2018\/07\/Meccanica-per-Ottica-immagine-prodotti-1024x768.jpg 1024w, https:\/\/www.milltech.it\/wp-content\/uploads\/2018\/07\/Meccanica-per-Ottica-immagine-prodotti.jpg 2000w\" sizes=\"auto, (max-width: 300px) 100vw, 300px\" \/><\/a>\n\t\t\t<\/dt><\/dl><br style=\"clear: both\" \/><dl class='gallery-item'>\n\t\t\t<dt class='gallery-icon landscape'>\n\t\t\t\t<a href='https:\/\/www.milltech.it\/de\/verarbeitung-2\/meccanica-per-ottica-2-2\/#main'><img loading=\"lazy\" decoding=\"async\" width=\"300\" height=\"195\" src=\"https:\/\/www.milltech.it\/wp-content\/uploads\/2018\/07\/meccanica-per-ottica-2-300x195.jpg\" class=\"attachment-medium size-medium\" alt=\"\" srcset=\"https:\/\/www.milltech.it\/wp-content\/uploads\/2018\/07\/meccanica-per-ottica-2-300x195.jpg 300w, https:\/\/www.milltech.it\/wp-content\/uploads\/2018\/07\/meccanica-per-ottica-2-768x500.jpg 768w, https:\/\/www.milltech.it\/wp-content\/uploads\/2018\/07\/meccanica-per-ottica-2.jpg 800w\" sizes=\"auto, (max-width: 300px) 100vw, 300px\" \/><\/a>\n\t\t\t<\/dt><\/dl><dl class='gallery-item'>\n\t\t\t<dt class='gallery-icon landscape'>\n\t\t\t\t<a href='https:\/\/www.milltech.it\/de\/verarbeitung-2\/meccanica-di-precisione-per-ottica-2\/#main'><img loading=\"lazy\" decoding=\"async\" width=\"300\" height=\"195\" src=\"https:\/\/www.milltech.it\/wp-content\/uploads\/2018\/07\/meccanica-di-precisione-per-ottica-300x195.jpg\" class=\"attachment-medium size-medium\" alt=\"\" srcset=\"https:\/\/www.milltech.it\/wp-content\/uploads\/2018\/07\/meccanica-di-precisione-per-ottica-300x195.jpg 300w, https:\/\/www.milltech.it\/wp-content\/uploads\/2018\/07\/meccanica-di-precisione-per-ottica-768x500.jpg 768w, https:\/\/www.milltech.it\/wp-content\/uploads\/2018\/07\/meccanica-di-precisione-per-ottica.jpg 800w\" sizes=\"auto, (max-width: 300px) 100vw, 300px\" \/><\/a>\n\t\t\t<\/dt><\/dl><br style=\"clear: both\" \/>\n\t\t<\/div>\n\n<\/div>\n<\/div>\n<\/div>\n<\/div>\n<\/div>\n<\/div><\/div><\/div><\/div><\/div>","protected":false},"excerpt":{"rendered":"<p>Milltech bringt die n\u00f6tige Erfahrung mit, um jeglichen Artikel im Optikbereich herzustellen, von Messplatten f\u00fcr Laserstrahlen bis hin zu Objektiven f\u00fcr optische Medien im Allgemeinen. Milltech zeichnet sich durch Qualit\u00e4t und Zuverl\u00e4ssigkeit aus. Milltech has the Know-how required to design, prototype and manufacture Wir verf\u00fcgen \u00fcber das n\u00f6tige Know-how zur Planung, Prototyperstellung und Produktion fertiger [&hellip;]<\/p>\n","protected":false},"author":1,"featured_media":0,"parent":924,"menu_order":0,"comment_status":"closed","ping_status":"closed","template":"templates\/template-full-notitle.php","meta":{"footnotes":""},"class_list":["post-947","page","type-page","status-publish","hentry","post"],"_links":{"self":[{"href":"https:\/\/www.milltech.it\/de\/wp-json\/wp\/v2\/pages\/947","targetHints":{"allow":["GET"]}}],"collection":[{"href":"https:\/\/www.milltech.it\/de\/wp-json\/wp\/v2\/pages"}],"about":[{"href":"https:\/\/www.milltech.it\/de\/wp-json\/wp\/v2\/types\/page"}],"author":[{"embeddable":true,"href":"https:\/\/www.milltech.it\/de\/wp-json\/wp\/v2\/users\/1"}],"replies":[{"embeddable":true,"href":"https:\/\/www.milltech.it\/de\/wp-json\/wp\/v2\/comments?post=947"}],"version-history":[{"count":2,"href":"https:\/\/www.milltech.it\/de\/wp-json\/wp\/v2\/pages\/947\/revisions"}],"predecessor-version":[{"id":1118,"href":"https:\/\/www.milltech.it\/de\/wp-json\/wp\/v2\/pages\/947\/revisions\/1118"}],"up":[{"embeddable":true,"href":"https:\/\/www.milltech.it\/de\/wp-json\/wp\/v2\/pages\/924"}],"wp:attachment":[{"href":"https:\/\/www.milltech.it\/de\/wp-json\/wp\/v2\/media?parent=947"}],"curies":[{"name":"wp","href":"https:\/\/api.w.org\/{rel}","templated":true}]}}