{"id":943,"date":"2018-10-07T23:02:42","date_gmt":"2018-10-07T23:02:42","guid":{"rendered":"http:\/\/www.milltech.it\/?page_id=943"},"modified":"2018-10-07T23:02:42","modified_gmt":"2018-10-07T23:02:42","slug":"mechanik-fuer-den-bereich-elektronik","status":"publish","type":"page","link":"https:\/\/www.milltech.it\/de\/verarbeitung-2\/mechanik-fuer-den-bereich-elektronik\/","title":{"rendered":"Mechanik f\u00fcr den Bereich Elektronik"},"content":{"rendered":"<div id=\"pl-943\"  class=\"panel-layout\" ><div id=\"pg-943-0\"  class=\"panel-grid panel-no-style\" ><div id=\"pgc-943-0-0\"  class=\"panel-grid-cell\" ><div id=\"panel-943-0-0-0\" class=\"so-panel widget widget_nav_menu panel-first-child panel-last-child\" data-index=\"0\" ><h3 class=\"widget-title\">Verarbeitung<\/h3><div class=\"menu-menu-lavorazioni-de-container\"><ul id=\"menu-menu-lavorazioni-de\" class=\"menu\"><li id=\"menu-item-935\" class=\"menu-item menu-item-type-post_type menu-item-object-page menu-item-935\"><a href=\"https:\/\/www.milltech.it\/de\/verarbeitung-2\/drehen\/\">Drehen<\/a><\/li>\n<li id=\"menu-item-936\" class=\"menu-item menu-item-type-post_type menu-item-object-page menu-item-936\"><a href=\"https:\/\/www.milltech.it\/de\/verarbeitung-2\/fraesen\/\">Fr\u00e4sen<\/a><\/li>\n<li id=\"menu-item-982\" class=\"menu-item menu-item-type-post_type menu-item-object-page menu-item-982\"><a href=\"https:\/\/www.milltech.it\/de\/verarbeitung-2\/mechanik-fuer-den-bereich-hydraulik\/\">Mechanik f\u00fcr den Bereich Hydraulik<\/a><\/li>\n<li id=\"menu-item-983\" class=\"menu-item menu-item-type-post_type menu-item-object-page menu-item-983\"><a href=\"https:\/\/www.milltech.it\/de\/verarbeitung-2\/mechanik-allgemein\/\">Mechanik allgemein<\/a><\/li>\n<li id=\"menu-item-984\" class=\"menu-item menu-item-type-post_type menu-item-object-page menu-item-984\"><a href=\"https:\/\/www.milltech.it\/de\/verarbeitung-2\/plattenherstellung\/\">Plattenherstellung<\/a><\/li>\n<li id=\"menu-item-985\" class=\"menu-item menu-item-type-post_type menu-item-object-page menu-item-985\"><a href=\"https:\/\/www.milltech.it\/de\/verarbeitung-2\/kunststoff-verarbeitung\/\">Kunststoff-Verarbeitung<\/a><\/li>\n<li id=\"menu-item-986\" class=\"menu-item menu-item-type-post_type menu-item-object-page menu-item-986\"><a href=\"https:\/\/www.milltech.it\/de\/verarbeitung-2\/giessen\/\">Gie\u00dfen<\/a><\/li>\n<li id=\"menu-item-987\" class=\"menu-item menu-item-type-post_type menu-item-object-page menu-item-987\"><a href=\"https:\/\/www.milltech.it\/de\/verarbeitung-2\/mechanik-fuer-den-bereich-biomedizin\/\">Mechanik f\u00fcr den Bereich Biomedizin<\/a><\/li>\n<li id=\"menu-item-988\" class=\"menu-item menu-item-type-post_type menu-item-object-page menu-item-988\"><a href=\"https:\/\/www.milltech.it\/de\/verarbeitung-2\/mechanik-fuer-den-bereich-optik\/\">Mechanik f\u00fcr den Bereich Optik<\/a><\/li>\n<li id=\"menu-item-989\" class=\"menu-item menu-item-type-post_type menu-item-object-page menu-item-989\"><a href=\"https:\/\/www.milltech.it\/de\/verarbeitung-2\/mechanik-fuer-den-bereich-elektronik\/\">Mechanik f\u00fcr den Bereich Elektronik<\/a><\/li>\n<li id=\"menu-item-990\" class=\"menu-item menu-item-type-post_type menu-item-object-page menu-item-990\"><a href=\"https:\/\/www.milltech.it\/de\/verarbeitung-2\/titan-verarbeitung\/\">Titan-Verarbeitung<\/a><\/li>\n<\/ul><\/div><\/div><\/div><div id=\"pgc-943-0-1\"  class=\"panel-grid-cell\" ><div id=\"panel-943-0-1-0\" class=\"so-panel widget widget_sow-editor panel-first-child panel-last-child\" data-index=\"1\" ><div\n\t\t\t\n\t\t\tclass=\"so-widget-sow-editor so-widget-sow-editor-base\"\n\t\t\t\n\t\t><h3 class=\"widget-title\">Mechanik f\u00fcr den Bereich Elektronik<\/h3>\n<div class=\"siteorigin-widget-tinymce textwidget\">\n\t<div class=\"siteorigin-widget-tinymce textwidget\">\n<div class=\"siteorigin-widget-tinymce textwidget\">\n<div class=\"sow-accordion-panel-content\">\n<div class=\"sow-accordion-panel-border\">\n<p>Wir sind in der Lage, selbst komplizierteste Komponenten unter Ber\u00fccksichtigung der Anforderungen von Kunden, bei denen es um die Erg\u00e4nzung von Mechanik und Elektronik geht, zu fertigen.<\/p>\n<p>Hauptmerkmale unserer Produktion sind Pr\u00e4zision und absolute Produktreinheit.<\/p>\n<p>Auf Anfrage des Kunden werden der Messbericht und die Rohstoffbescheinigung der hergestellten Erzeugnisse mitgeliefert.<\/p>\n<p>Wir f\u00fchren alle Arten von Oberfl\u00e4chenbehandlungen durch.<\/p>\n\n\t\t<style type=\"text\/css\">\n\t\t\t#gallery-1 {\n\t\t\t\tmargin: auto;\n\t\t\t}\n\t\t\t#gallery-1 .gallery-item {\n\t\t\t\tfloat: left;\n\t\t\t\tmargin-top: 10px;\n\t\t\t\ttext-align: center;\n\t\t\t\twidth: 50%;\n\t\t\t}\n\t\t\t#gallery-1 img {\n\t\t\t\tborder: 2px solid #cfcfcf;\n\t\t\t}\n\t\t\t#gallery-1 .gallery-caption {\n\t\t\t\tmargin-left: 0;\n\t\t\t}\n\t\t\t\/* see gallery_shortcode() in wp-includes\/media.php *\/\n\t\t<\/style>\n\t\t<div id='gallery-1' class='gallery galleryid-943 gallery-columns-2 gallery-size-medium'><dl class='gallery-item'>\n\t\t\t<dt class='gallery-icon landscape'>\n\t\t\t\t<a href='https:\/\/www.milltech.it\/de\/verarbeitung-2\/meccanica-per-elettronica-lavorazioni-di-precisione-2\/#main'><img loading=\"lazy\" decoding=\"async\" width=\"300\" height=\"199\" src=\"https:\/\/www.milltech.it\/wp-content\/uploads\/2018\/07\/meccanica-per-elettronica-lavorazioni-di-precisione-300x199.jpg\" class=\"attachment-medium size-medium\" alt=\"\" srcset=\"https:\/\/www.milltech.it\/wp-content\/uploads\/2018\/07\/meccanica-per-elettronica-lavorazioni-di-precisione-300x199.jpg 300w, https:\/\/www.milltech.it\/wp-content\/uploads\/2018\/07\/meccanica-per-elettronica-lavorazioni-di-precisione-768x510.jpg 768w, https:\/\/www.milltech.it\/wp-content\/uploads\/2018\/07\/meccanica-per-elettronica-lavorazioni-di-precisione-600x400.jpg 600w, https:\/\/www.milltech.it\/wp-content\/uploads\/2018\/07\/meccanica-per-elettronica-lavorazioni-di-precisione.jpg 800w\" sizes=\"auto, (max-width: 300px) 100vw, 300px\" \/><\/a>\n\t\t\t<\/dt><\/dl><dl class='gallery-item'>\n\t\t\t<dt class='gallery-icon landscape'>\n\t\t\t\t<a href='https:\/\/www.milltech.it\/de\/verarbeitung-2\/meccanica-per-elettronica-milltech-2\/#main'><img loading=\"lazy\" decoding=\"async\" width=\"300\" height=\"195\" src=\"https:\/\/www.milltech.it\/wp-content\/uploads\/2018\/07\/meccanica-per-elettronica-Milltech-300x195.jpg\" class=\"attachment-medium size-medium\" alt=\"\" srcset=\"https:\/\/www.milltech.it\/wp-content\/uploads\/2018\/07\/meccanica-per-elettronica-Milltech-300x195.jpg 300w, https:\/\/www.milltech.it\/wp-content\/uploads\/2018\/07\/meccanica-per-elettronica-Milltech-768x500.jpg 768w, https:\/\/www.milltech.it\/wp-content\/uploads\/2018\/07\/meccanica-per-elettronica-Milltech.jpg 800w\" sizes=\"auto, (max-width: 300px) 100vw, 300px\" \/><\/a>\n\t\t\t<\/dt><\/dl><br style=\"clear: both\" \/><dl class='gallery-item'>\n\t\t\t<dt class='gallery-icon landscape'>\n\t\t\t\t<a href='https:\/\/www.milltech.it\/de\/verarbeitung-2\/meccanica-per-elettronica-esempio-prodotti-2\/#main'><img loading=\"lazy\" decoding=\"async\" width=\"300\" height=\"178\" src=\"https:\/\/www.milltech.it\/wp-content\/uploads\/2018\/07\/meccanica-per-elettronica-esempio-prodotti-300x178.jpg\" class=\"attachment-medium size-medium\" alt=\"\" srcset=\"https:\/\/www.milltech.it\/wp-content\/uploads\/2018\/07\/meccanica-per-elettronica-esempio-prodotti-300x178.jpg 300w, https:\/\/www.milltech.it\/wp-content\/uploads\/2018\/07\/meccanica-per-elettronica-esempio-prodotti-768x455.jpg 768w, https:\/\/www.milltech.it\/wp-content\/uploads\/2018\/07\/meccanica-per-elettronica-esempio-prodotti.jpg 800w\" sizes=\"auto, (max-width: 300px) 100vw, 300px\" \/><\/a>\n\t\t\t<\/dt><\/dl><dl class='gallery-item'>\n\t\t\t<dt class='gallery-icon landscape'>\n\t\t\t\t<a href='https:\/\/www.milltech.it\/de\/verarbeitung-2\/milltech-tornitura-e-fresatura-meccanica-per-elettronica-2\/#main'><img loading=\"lazy\" decoding=\"async\" width=\"300\" height=\"225\" src=\"https:\/\/www.milltech.it\/wp-content\/uploads\/2018\/07\/Milltech-tornitura-e-fresatura-meccanica-per-elettronica-300x225.jpg\" class=\"attachment-medium size-medium\" alt=\"\" srcset=\"https:\/\/www.milltech.it\/wp-content\/uploads\/2018\/07\/Milltech-tornitura-e-fresatura-meccanica-per-elettronica-300x225.jpg 300w, https:\/\/www.milltech.it\/wp-content\/uploads\/2018\/07\/Milltech-tornitura-e-fresatura-meccanica-per-elettronica-768x576.jpg 768w, https:\/\/www.milltech.it\/wp-content\/uploads\/2018\/07\/Milltech-tornitura-e-fresatura-meccanica-per-elettronica-1024x768.jpg 1024w, https:\/\/www.milltech.it\/wp-content\/uploads\/2018\/07\/Milltech-tornitura-e-fresatura-meccanica-per-elettronica.jpg 2000w\" sizes=\"auto, (max-width: 300px) 100vw, 300px\" \/><\/a>\n\t\t\t<\/dt><\/dl><br style=\"clear: both\" \/>\n\t\t<\/div>\n\n<\/div>\n<\/div>\n<\/div>\n<\/div>\n<\/div>\n<\/div><\/div><\/div><\/div><\/div>","protected":false},"excerpt":{"rendered":"<p>Wir sind in der Lage, selbst komplizierteste Komponenten unter Ber\u00fccksichtigung der Anforderungen von Kunden, bei denen es um die Erg\u00e4nzung von Mechanik und Elektronik geht, zu fertigen. Hauptmerkmale unserer Produktion sind Pr\u00e4zision und absolute Produktreinheit. Auf Anfrage des Kunden werden der Messbericht und die Rohstoffbescheinigung der hergestellten Erzeugnisse mitgeliefert. Wir f\u00fchren alle Arten von Oberfl\u00e4chenbehandlungen [&hellip;]<\/p>\n","protected":false},"author":1,"featured_media":0,"parent":924,"menu_order":0,"comment_status":"closed","ping_status":"closed","template":"templates\/template-full-notitle.php","meta":{"footnotes":""},"class_list":["post-943","page","type-page","status-publish","hentry","post"],"_links":{"self":[{"href":"https:\/\/www.milltech.it\/de\/wp-json\/wp\/v2\/pages\/943","targetHints":{"allow":["GET"]}}],"collection":[{"href":"https:\/\/www.milltech.it\/de\/wp-json\/wp\/v2\/pages"}],"about":[{"href":"https:\/\/www.milltech.it\/de\/wp-json\/wp\/v2\/types\/page"}],"author":[{"embeddable":true,"href":"https:\/\/www.milltech.it\/de\/wp-json\/wp\/v2\/users\/1"}],"replies":[{"embeddable":true,"href":"https:\/\/www.milltech.it\/de\/wp-json\/wp\/v2\/comments?post=943"}],"version-history":[{"count":0,"href":"https:\/\/www.milltech.it\/de\/wp-json\/wp\/v2\/pages\/943\/revisions"}],"up":[{"embeddable":true,"href":"https:\/\/www.milltech.it\/de\/wp-json\/wp\/v2\/pages\/924"}],"wp:attachment":[{"href":"https:\/\/www.milltech.it\/de\/wp-json\/wp\/v2\/media?parent=943"}],"curies":[{"name":"wp","href":"https:\/\/api.w.org\/{rel}","templated":true}]}}