{"id":939,"date":"2018-10-07T22:59:25","date_gmt":"2018-10-07T22:59:25","guid":{"rendered":"http:\/\/www.milltech.it\/?page_id=939"},"modified":"2018-10-07T22:59:25","modified_gmt":"2018-10-07T22:59:25","slug":"titan-verarbeitung","status":"publish","type":"page","link":"https:\/\/www.milltech.it\/de\/verarbeitung-2\/titan-verarbeitung\/","title":{"rendered":"Titan-Verarbeitung"},"content":{"rendered":"<div id=\"pl-939\"  class=\"panel-layout\" ><div id=\"pg-939-0\"  class=\"panel-grid panel-no-style\" ><div id=\"pgc-939-0-0\"  class=\"panel-grid-cell\" ><div id=\"panel-939-0-0-0\" class=\"so-panel widget widget_nav_menu panel-first-child panel-last-child\" data-index=\"0\" ><h3 class=\"widget-title\">Verarbeitung<\/h3><div class=\"menu-menu-lavorazioni-de-container\"><ul id=\"menu-menu-lavorazioni-de\" class=\"menu\"><li id=\"menu-item-935\" class=\"menu-item menu-item-type-post_type menu-item-object-page menu-item-935\"><a href=\"https:\/\/www.milltech.it\/de\/verarbeitung-2\/drehen\/\">Drehen<\/a><\/li>\n<li id=\"menu-item-936\" class=\"menu-item menu-item-type-post_type menu-item-object-page menu-item-936\"><a href=\"https:\/\/www.milltech.it\/de\/verarbeitung-2\/fraesen\/\">Fr\u00e4sen<\/a><\/li>\n<li id=\"menu-item-982\" class=\"menu-item menu-item-type-post_type menu-item-object-page menu-item-982\"><a href=\"https:\/\/www.milltech.it\/de\/verarbeitung-2\/mechanik-fuer-den-bereich-hydraulik\/\">Mechanik f\u00fcr den Bereich Hydraulik<\/a><\/li>\n<li id=\"menu-item-983\" class=\"menu-item menu-item-type-post_type menu-item-object-page menu-item-983\"><a href=\"https:\/\/www.milltech.it\/de\/verarbeitung-2\/mechanik-allgemein\/\">Mechanik allgemein<\/a><\/li>\n<li id=\"menu-item-984\" class=\"menu-item menu-item-type-post_type menu-item-object-page menu-item-984\"><a href=\"https:\/\/www.milltech.it\/de\/verarbeitung-2\/plattenherstellung\/\">Plattenherstellung<\/a><\/li>\n<li id=\"menu-item-985\" class=\"menu-item menu-item-type-post_type menu-item-object-page menu-item-985\"><a href=\"https:\/\/www.milltech.it\/de\/verarbeitung-2\/kunststoff-verarbeitung\/\">Kunststoff-Verarbeitung<\/a><\/li>\n<li id=\"menu-item-986\" class=\"menu-item menu-item-type-post_type menu-item-object-page menu-item-986\"><a href=\"https:\/\/www.milltech.it\/de\/verarbeitung-2\/giessen\/\">Gie\u00dfen<\/a><\/li>\n<li id=\"menu-item-987\" class=\"menu-item menu-item-type-post_type menu-item-object-page menu-item-987\"><a href=\"https:\/\/www.milltech.it\/de\/verarbeitung-2\/mechanik-fuer-den-bereich-biomedizin\/\">Mechanik f\u00fcr den Bereich Biomedizin<\/a><\/li>\n<li id=\"menu-item-988\" class=\"menu-item menu-item-type-post_type menu-item-object-page menu-item-988\"><a href=\"https:\/\/www.milltech.it\/de\/verarbeitung-2\/mechanik-fuer-den-bereich-optik\/\">Mechanik f\u00fcr den Bereich Optik<\/a><\/li>\n<li id=\"menu-item-989\" class=\"menu-item menu-item-type-post_type menu-item-object-page menu-item-989\"><a href=\"https:\/\/www.milltech.it\/de\/verarbeitung-2\/mechanik-fuer-den-bereich-elektronik\/\">Mechanik f\u00fcr den Bereich Elektronik<\/a><\/li>\n<li id=\"menu-item-990\" class=\"menu-item menu-item-type-post_type menu-item-object-page menu-item-990\"><a href=\"https:\/\/www.milltech.it\/de\/verarbeitung-2\/titan-verarbeitung\/\">Titan-Verarbeitung<\/a><\/li>\n<\/ul><\/div><\/div><\/div><div id=\"pgc-939-0-1\"  class=\"panel-grid-cell\" ><div id=\"panel-939-0-1-0\" class=\"so-panel widget widget_sow-editor panel-first-child panel-last-child\" data-index=\"1\" ><div\n\t\t\t\n\t\t\tclass=\"so-widget-sow-editor so-widget-sow-editor-base\"\n\t\t\t\n\t\t><h3 class=\"widget-title\"> Titan-Verarbeitung <\/h3>\n<div class=\"siteorigin-widget-tinymce textwidget\">\n\t<div class=\"siteorigin-widget-tinymce textwidget\">\n<div class=\"siteorigin-widget-tinymce textwidget\">\n<p>Milltech kann hochkomplizierte Verarbeitungen von Titan durchzuf\u00fchren.<\/p>\n<p>Alle Erzeugnisse werden nach Plan durch Fr\u00e4sen und Drehen hergestellt.<\/p>\n<p>Durch unsere umfassenden Kenntnisse hinsichtlich des Materials, zusammen mit der der vielseitigen Erfahrung unser Techniker und der Multifunktionalit\u00e4t unseres Maschinenparks, k\u00f6nnen wir die geeigneten Verfahren und Werkzeuge zur Umsetzung der gew\u00fcnschten Produkte bestimmen.<\/p>\n<p>Die Sorgfalt und Qualit\u00e4t unserer Produkte, bleiben auch hier unsere gr\u00f6\u00dfte St\u00e4rke.<\/p>\n<p><img loading=\"lazy\" decoding=\"async\" class=\"alignnone size-medium wp-image-56\" src=\"http:\/\/www.milltech.it\/wp-content\/uploads\/2018\/07\/Pezzi_titanio-600x397.jpg\" alt=\"\" width=\"600\" height=\"397\" srcset=\"https:\/\/www.milltech.it\/wp-content\/uploads\/2018\/07\/Pezzi_titanio-600x397.jpg 600w, https:\/\/www.milltech.it\/wp-content\/uploads\/2018\/07\/Pezzi_titanio-768x508.jpg 768w, https:\/\/www.milltech.it\/wp-content\/uploads\/2018\/07\/Pezzi_titanio-300x199.jpg 300w, https:\/\/www.milltech.it\/wp-content\/uploads\/2018\/07\/Pezzi_titanio.jpg 1000w\" sizes=\"auto, (max-width: 600px) 100vw, 600px\" \/><\/p>\n<\/div>\n<\/div>\n<\/div>\n<\/div><\/div><\/div><\/div><\/div>","protected":false},"excerpt":{"rendered":"<p>Milltech kann hochkomplizierte Verarbeitungen von Titan durchzuf\u00fchren. Alle Erzeugnisse werden nach Plan durch Fr\u00e4sen und Drehen hergestellt. Durch unsere umfassenden Kenntnisse hinsichtlich des Materials, zusammen mit der der vielseitigen Erfahrung unser Techniker und der Multifunktionalit\u00e4t unseres Maschinenparks, k\u00f6nnen wir die geeigneten Verfahren und Werkzeuge zur Umsetzung der gew\u00fcnschten Produkte bestimmen. Die Sorgfalt und Qualit\u00e4t unserer [&hellip;]<\/p>\n","protected":false},"author":1,"featured_media":0,"parent":924,"menu_order":0,"comment_status":"closed","ping_status":"closed","template":"templates\/template-full-notitle.php","meta":{"footnotes":""},"class_list":["post-939","page","type-page","status-publish","hentry","post"],"_links":{"self":[{"href":"https:\/\/www.milltech.it\/de\/wp-json\/wp\/v2\/pages\/939","targetHints":{"allow":["GET"]}}],"collection":[{"href":"https:\/\/www.milltech.it\/de\/wp-json\/wp\/v2\/pages"}],"about":[{"href":"https:\/\/www.milltech.it\/de\/wp-json\/wp\/v2\/types\/page"}],"author":[{"embeddable":true,"href":"https:\/\/www.milltech.it\/de\/wp-json\/wp\/v2\/users\/1"}],"replies":[{"embeddable":true,"href":"https:\/\/www.milltech.it\/de\/wp-json\/wp\/v2\/comments?post=939"}],"version-history":[{"count":0,"href":"https:\/\/www.milltech.it\/de\/wp-json\/wp\/v2\/pages\/939\/revisions"}],"up":[{"embeddable":true,"href":"https:\/\/www.milltech.it\/de\/wp-json\/wp\/v2\/pages\/924"}],"wp:attachment":[{"href":"https:\/\/www.milltech.it\/de\/wp-json\/wp\/v2\/media?parent=939"}],"curies":[{"name":"wp","href":"https:\/\/api.w.org\/{rel}","templated":true}]}}