{"id":924,"date":"2018-10-07T22:46:20","date_gmt":"2018-10-07T22:46:20","guid":{"rendered":"http:\/\/www.milltech.it\/?page_id=924"},"modified":"2018-10-07T22:49:06","modified_gmt":"2018-10-07T22:49:06","slug":"verarbeitung-2","status":"publish","type":"page","link":"https:\/\/www.milltech.it\/de\/verarbeitung-2\/","title":{"rendered":"Verarbeitung"},"content":{"rendered":"<div id=\"pl-924\"  class=\"panel-layout\" ><div id=\"pg-924-0\"  class=\"panel-grid panel-no-style\" ><div id=\"pgc-924-0-0\"  class=\"panel-grid-cell\" ><div id=\"panel-924-0-0-0\" class=\"so-panel widget widget_sow-image panel-first-child\" data-index=\"0\" ><div\n\t\t\t\n\t\t\tclass=\"so-widget-sow-image so-widget-sow-image-default-8b5b6f678277-924\"\n\t\t\t\n\t\t>\n<div class=\"sow-image-container\">\n\t\t\t<a href=\"https:\/\/www.milltech.it\/wp-content\/uploads\/2018\/07\/Pezzi_titanio.jpg\"\n\t\t\tdata-lightbox=\"elencolavorazioni\" data-lightbox-options=\"{&quot;alwaysShowNavOnTouchDevices&quot;:false,&quot;disabledOnTablet&quot;:false,&quot;disabledOnMobile&quot;:false,&quot;disableScrolling&quot;:false,&quot;overlayColor&quot;:&quot;#000&quot;,&quot;overlayOpacity&quot;:0.8,&quot;fadeDuration&quot;:600,&quot;fitImagesInViewport&quot;:true,&quot;imageFadeDuration&quot;:600,&quot;maxHeight&quot;:&quot;&quot;,&quot;maxWidth&quot;:&quot;&quot;,&quot;positionFromTop&quot;:50,&quot;resizeDuration&quot;:700,&quot;showImageNumberLabel&quot;:true,&quot;disableCaption&quot;:&quot;&quot;,&quot;wrapAround&quot;:true,&quot;albumLabel&quot;:&quot;Elencolavorazioni %1 of %2&quot;,&quot;sanitizeTitle&quot;:true}\" data-title=\"Pezzi_titanio\" \t\t>\n\t\t\t<img \n\tsrc=\"https:\/\/www.milltech.it\/wp-content\/uploads\/2018\/07\/Pezzi_titanio.jpg\" width=\"1000\" height=\"662\" srcset=\"https:\/\/www.milltech.it\/wp-content\/uploads\/2018\/07\/Pezzi_titanio.jpg 1000w, https:\/\/www.milltech.it\/wp-content\/uploads\/2018\/07\/Pezzi_titanio-600x397.jpg 600w, https:\/\/www.milltech.it\/wp-content\/uploads\/2018\/07\/Pezzi_titanio-768x508.jpg 768w, https:\/\/www.milltech.it\/wp-content\/uploads\/2018\/07\/Pezzi_titanio-300x199.jpg 300w\" sizes=\"(max-width: 1000px) 100vw, 1000px\" alt=\"\" \t\tclass=\"so-widget-image\"\/>\n\t\t\t<\/a><\/div>\n\n<\/div><\/div><div id=\"panel-924-0-0-1\" class=\"so-panel widget widget_sow-button panel-last-child\" data-index=\"1\" ><div\n\t\t\t\n\t\t\tclass=\"so-widget-sow-button so-widget-sow-button-flat-ec9d65fe35fb-924\"\n\t\t\t\n\t\t><div class=\"ow-button-base ow-button-align-center\"\n>\n\t\t\t<a\n\t\t\t\t\thref=\"https:\/\/www.milltech.it\/elenco-lavorazioni\/lavorazione-titanio\/\"\n\t\t\t\t\tclass=\"sowb-button ow-icon-placement-left\" \t>\n\t\t<span>\n\t\t\t\n\t\t\tTitan-Verarbeitung\t\t<\/span>\n\t\t\t<\/a>\n\t<\/div>\n<\/div><\/div><\/div><div id=\"pgc-924-0-1\"  class=\"panel-grid-cell\" ><div id=\"panel-924-0-1-0\" class=\"so-panel widget widget_sow-image panel-first-child\" data-index=\"2\" ><div\n\t\t\t\n\t\t\tclass=\"so-widget-sow-image so-widget-sow-image-default-8b5b6f678277-924\"\n\t\t\t\n\t\t>\n<div class=\"sow-image-container\">\n\t\t\t<a href=\"https:\/\/www.milltech.it\/wp-content\/uploads\/2018\/07\/lavorazione-fusioni.jpg\"\n\t\t\tdata-lightbox=\"elencolavorazioni\" data-lightbox-options=\"{&quot;alwaysShowNavOnTouchDevices&quot;:false,&quot;disabledOnTablet&quot;:false,&quot;disabledOnMobile&quot;:false,&quot;disableScrolling&quot;:false,&quot;overlayColor&quot;:&quot;#000&quot;,&quot;overlayOpacity&quot;:0.8,&quot;fadeDuration&quot;:600,&quot;fitImagesInViewport&quot;:true,&quot;imageFadeDuration&quot;:600,&quot;maxHeight&quot;:&quot;&quot;,&quot;maxWidth&quot;:&quot;&quot;,&quot;positionFromTop&quot;:50,&quot;resizeDuration&quot;:700,&quot;showImageNumberLabel&quot;:true,&quot;disableCaption&quot;:&quot;&quot;,&quot;wrapAround&quot;:true,&quot;albumLabel&quot;:&quot;Elencolavorazioni %1 of %2&quot;,&quot;sanitizeTitle&quot;:true}\" data-title=\"lavorazione fusioni\" \t\t>\n\t\t\t<img \n\tsrc=\"https:\/\/www.milltech.it\/wp-content\/uploads\/2018\/07\/lavorazione-fusioni.jpg\" width=\"800\" height=\"531\" srcset=\"https:\/\/www.milltech.it\/wp-content\/uploads\/2018\/07\/lavorazione-fusioni.jpg 800w, https:\/\/www.milltech.it\/wp-content\/uploads\/2018\/07\/lavorazione-fusioni-600x398.jpg 600w, https:\/\/www.milltech.it\/wp-content\/uploads\/2018\/07\/lavorazione-fusioni-768x510.jpg 768w, https:\/\/www.milltech.it\/wp-content\/uploads\/2018\/07\/lavorazione-fusioni-272x182.jpg 272w, https:\/\/www.milltech.it\/wp-content\/uploads\/2018\/07\/lavorazione-fusioni-300x199.jpg 300w\" sizes=\"(max-width: 800px) 100vw, 800px\" title=\"lavorazione fusioni\" alt=\"\" \t\tclass=\"so-widget-image\"\/>\n\t\t\t<\/a><\/div>\n\n<\/div><\/div><div id=\"panel-924-0-1-1\" class=\"so-panel widget widget_sow-button panel-last-child\" data-index=\"3\" ><div\n\t\t\t\n\t\t\tclass=\"so-widget-sow-button so-widget-sow-button-flat-ec9d65fe35fb-924\"\n\t\t\t\n\t\t><div class=\"ow-button-base ow-button-align-center\"\n>\n\t\t\t<a\n\t\t\t\t\thref=\"https:\/\/www.milltech.it\/elenco-lavorazioni\/lavorazione-fusioni\/\"\n\t\t\t\t\tclass=\"sowb-button ow-icon-placement-left\" \t>\n\t\t<span>\n\t\t\t\n\t\t\tGie\u00dfen\t\t<\/span>\n\t\t\t<\/a>\n\t<\/div>\n<\/div><\/div><\/div><div id=\"pgc-924-0-2\"  class=\"panel-grid-cell\" ><div id=\"panel-924-0-2-0\" class=\"so-panel widget widget_sow-image panel-first-child\" data-index=\"4\" ><div\n\t\t\t\n\t\t\tclass=\"so-widget-sow-image so-widget-sow-image-default-8b5b6f678277-924\"\n\t\t\t\n\t\t>\n<div class=\"sow-image-container\">\n\t\t\t<a href=\"https:\/\/www.milltech.it\/wp-content\/uploads\/2018\/07\/meccanica-per-ottica-2.jpg\"\n\t\t\tdata-lightbox=\"elencolavorazioni\" data-lightbox-options=\"{&quot;alwaysShowNavOnTouchDevices&quot;:false,&quot;disabledOnTablet&quot;:false,&quot;disabledOnMobile&quot;:false,&quot;disableScrolling&quot;:false,&quot;overlayColor&quot;:&quot;#000&quot;,&quot;overlayOpacity&quot;:0.8,&quot;fadeDuration&quot;:600,&quot;fitImagesInViewport&quot;:true,&quot;imageFadeDuration&quot;:600,&quot;maxHeight&quot;:&quot;&quot;,&quot;maxWidth&quot;:&quot;&quot;,&quot;positionFromTop&quot;:50,&quot;resizeDuration&quot;:700,&quot;showImageNumberLabel&quot;:true,&quot;disableCaption&quot;:&quot;&quot;,&quot;wrapAround&quot;:true,&quot;albumLabel&quot;:&quot;Elencolavorazioni %1 of %2&quot;,&quot;sanitizeTitle&quot;:true}\" data-title=\"meccanica-per-ottica-2\" \t\t>\n\t\t\t<img \n\tsrc=\"https:\/\/www.milltech.it\/wp-content\/uploads\/2018\/07\/meccanica-per-ottica-2.jpg\" width=\"800\" height=\"521\" srcset=\"https:\/\/www.milltech.it\/wp-content\/uploads\/2018\/07\/meccanica-per-ottica-2.jpg 800w, https:\/\/www.milltech.it\/wp-content\/uploads\/2018\/07\/meccanica-per-ottica-2-600x391.jpg 600w, https:\/\/www.milltech.it\/wp-content\/uploads\/2018\/07\/meccanica-per-ottica-2-768x500.jpg 768w, https:\/\/www.milltech.it\/wp-content\/uploads\/2018\/07\/meccanica-per-ottica-2-300x195.jpg 300w\" sizes=\"(max-width: 800px) 100vw, 800px\" alt=\"\" \t\tclass=\"so-widget-image\"\/>\n\t\t\t<\/a><\/div>\n\n<\/div><\/div><div id=\"panel-924-0-2-1\" class=\"so-panel widget widget_sow-button panel-last-child\" data-index=\"5\" ><div\n\t\t\t\n\t\t\tclass=\"so-widget-sow-button so-widget-sow-button-flat-ec9d65fe35fb-924\"\n\t\t\t\n\t\t><div class=\"ow-button-base ow-button-align-center\"\n>\n\t\t\t<a\n\t\t\t\t\thref=\"https:\/\/www.milltech.it\/elenco-lavorazioni\/meccanica-per-ottica\/\"\n\t\t\t\t\tclass=\"sowb-button ow-icon-placement-left\" \t>\n\t\t<span>\n\t\t\t\n\t\t\tMechanik f\u00fcr den Bereich Optik\t\t<\/span>\n\t\t\t<\/a>\n\t<\/div>\n<\/div><\/div><\/div><\/div><div id=\"pg-924-1\"  class=\"panel-grid panel-no-style\" ><div id=\"pgc-924-1-0\"  class=\"panel-grid-cell\" ><div id=\"panel-924-1-0-0\" class=\"so-panel widget widget_sow-image panel-first-child\" data-index=\"6\" ><div\n\t\t\t\n\t\t\tclass=\"so-widget-sow-image so-widget-sow-image-default-8b5b6f678277-924\"\n\t\t\t\n\t\t>\n<div class=\"sow-image-container\">\n\t\t\t<a href=\"https:\/\/www.milltech.it\/wp-content\/uploads\/2018\/07\/meccanica-per-elettronica-lavorazioni-di-precisione.jpg\"\n\t\t\tdata-lightbox=\"elencolavorazioni\" data-lightbox-options=\"{&quot;alwaysShowNavOnTouchDevices&quot;:false,&quot;disabledOnTablet&quot;:false,&quot;disabledOnMobile&quot;:false,&quot;disableScrolling&quot;:false,&quot;overlayColor&quot;:&quot;#000&quot;,&quot;overlayOpacity&quot;:0.8,&quot;fadeDuration&quot;:600,&quot;fitImagesInViewport&quot;:true,&quot;imageFadeDuration&quot;:600,&quot;maxHeight&quot;:&quot;&quot;,&quot;maxWidth&quot;:&quot;&quot;,&quot;positionFromTop&quot;:50,&quot;resizeDuration&quot;:700,&quot;showImageNumberLabel&quot;:true,&quot;disableCaption&quot;:&quot;&quot;,&quot;wrapAround&quot;:true,&quot;albumLabel&quot;:&quot;Elencolavorazioni %1 of %2&quot;,&quot;sanitizeTitle&quot;:true}\" data-title=\"particolari meccanici e micromeccanici di elevata complessit\u00e0 &#8211; meccanica per elettronica lavorazioni di precisione\" \t\t>\n\t\t\t<img \n\tsrc=\"https:\/\/www.milltech.it\/wp-content\/uploads\/2018\/07\/meccanica-per-elettronica-lavorazioni-di-precisione.jpg\" width=\"800\" height=\"531\" srcset=\"https:\/\/www.milltech.it\/wp-content\/uploads\/2018\/07\/meccanica-per-elettronica-lavorazioni-di-precisione.jpg 800w, https:\/\/www.milltech.it\/wp-content\/uploads\/2018\/07\/meccanica-per-elettronica-lavorazioni-di-precisione-600x398.jpg 600w, https:\/\/www.milltech.it\/wp-content\/uploads\/2018\/07\/meccanica-per-elettronica-lavorazioni-di-precisione-768x510.jpg 768w, https:\/\/www.milltech.it\/wp-content\/uploads\/2018\/07\/meccanica-per-elettronica-lavorazioni-di-precisione-272x182.jpg 272w, https:\/\/www.milltech.it\/wp-content\/uploads\/2018\/07\/meccanica-per-elettronica-lavorazioni-di-precisione-300x199.jpg 300w\" sizes=\"(max-width: 800px) 100vw, 800px\" title=\"particolari meccanici e micromeccanici di elevata complessit\u00e0 &#8211; meccanica per elettronica lavorazioni di precisione\" alt=\"\" \t\tclass=\"so-widget-image\"\/>\n\t\t\t<\/a><\/div>\n\n<\/div><\/div><div id=\"panel-924-1-0-1\" class=\"so-panel widget widget_sow-button panel-last-child\" data-index=\"7\" ><div\n\t\t\t\n\t\t\tclass=\"so-widget-sow-button so-widget-sow-button-flat-ec9d65fe35fb-924\"\n\t\t\t\n\t\t><div class=\"ow-button-base ow-button-align-center\"\n>\n\t\t\t<a\n\t\t\t\t\thref=\"https:\/\/www.milltech.it\/elenco-lavorazioni\/meccanica-per-elettronica\/\"\n\t\t\t\t\tclass=\"sowb-button ow-icon-placement-left\" \t>\n\t\t<span>\n\t\t\t\n\t\t\tMechanik f\u00fcr den Bereich Elektronik\t\t<\/span>\n\t\t\t<\/a>\n\t<\/div>\n<\/div><\/div><\/div><div id=\"pgc-924-1-1\"  class=\"panel-grid-cell\" ><div id=\"panel-924-1-1-0\" class=\"so-panel widget widget_sow-image panel-first-child\" data-index=\"8\" ><div\n\t\t\t\n\t\t\tclass=\"so-widget-sow-image so-widget-sow-image-default-8b5b6f678277-924\"\n\t\t\t\n\t\t>\n<div class=\"sow-image-container\">\n\t\t\t<a href=\"https:\/\/www.milltech.it\/wp-content\/uploads\/2018\/07\/lavorazione-piastre-tollerate-sagomate-forate.jpg\"\n\t\t\tdata-lightbox=\"elencolavorazioni\" data-lightbox-options=\"{&quot;alwaysShowNavOnTouchDevices&quot;:false,&quot;disabledOnTablet&quot;:false,&quot;disabledOnMobile&quot;:false,&quot;disableScrolling&quot;:false,&quot;overlayColor&quot;:&quot;#000&quot;,&quot;overlayOpacity&quot;:0.8,&quot;fadeDuration&quot;:600,&quot;fitImagesInViewport&quot;:true,&quot;imageFadeDuration&quot;:600,&quot;maxHeight&quot;:&quot;&quot;,&quot;maxWidth&quot;:&quot;&quot;,&quot;positionFromTop&quot;:50,&quot;resizeDuration&quot;:700,&quot;showImageNumberLabel&quot;:true,&quot;disableCaption&quot;:&quot;&quot;,&quot;wrapAround&quot;:true,&quot;albumLabel&quot;:&quot;Elencolavorazioni %1 of %2&quot;,&quot;sanitizeTitle&quot;:true}\" data-title=\"lavorazione-piastre-tollerate-sagomate-forate\" \t\t>\n\t\t\t<img \n\tsrc=\"https:\/\/www.milltech.it\/wp-content\/uploads\/2018\/07\/lavorazione-piastre-tollerate-sagomate-forate.jpg\" width=\"800\" height=\"531\" srcset=\"https:\/\/www.milltech.it\/wp-content\/uploads\/2018\/07\/lavorazione-piastre-tollerate-sagomate-forate.jpg 800w, https:\/\/www.milltech.it\/wp-content\/uploads\/2018\/07\/lavorazione-piastre-tollerate-sagomate-forate-600x398.jpg 600w, https:\/\/www.milltech.it\/wp-content\/uploads\/2018\/07\/lavorazione-piastre-tollerate-sagomate-forate-768x510.jpg 768w, https:\/\/www.milltech.it\/wp-content\/uploads\/2018\/07\/lavorazione-piastre-tollerate-sagomate-forate-272x182.jpg 272w, https:\/\/www.milltech.it\/wp-content\/uploads\/2018\/07\/lavorazione-piastre-tollerate-sagomate-forate-300x199.jpg 300w\" sizes=\"(max-width: 800px) 100vw, 800px\" alt=\"\" \t\tclass=\"so-widget-image\"\/>\n\t\t\t<\/a><\/div>\n\n<\/div><\/div><div id=\"panel-924-1-1-1\" class=\"so-panel widget widget_sow-button panel-last-child\" data-index=\"9\" ><div\n\t\t\t\n\t\t\tclass=\"so-widget-sow-button so-widget-sow-button-flat-ec9d65fe35fb-924\"\n\t\t\t\n\t\t><div class=\"ow-button-base ow-button-align-center\"\n>\n\t\t\t<a\n\t\t\t\t\thref=\"https:\/\/www.milltech.it\/elenco-lavorazioni\/lavorazione-piastre\/\"\n\t\t\t\t\tclass=\"sowb-button ow-icon-placement-left\" \t>\n\t\t<span>\n\t\t\t\n\t\t\tPlattenherstellung\t\t<\/span>\n\t\t\t<\/a>\n\t<\/div>\n<\/div><\/div><\/div><div id=\"pgc-924-1-2\"  class=\"panel-grid-cell\" ><div id=\"panel-924-1-2-0\" class=\"so-panel widget widget_sow-image panel-first-child\" data-index=\"10\" ><div\n\t\t\t\n\t\t\tclass=\"so-widget-sow-image so-widget-sow-image-default-8b5b6f678277-924\"\n\t\t\t\n\t\t>\n<div class=\"sow-image-container\">\n\t\t\t<a href=\"https:\/\/www.milltech.it\/wp-content\/uploads\/2018\/07\/lavorazioni-meccaniche-di-precisione-4.jpg\"\n\t\t\tdata-lightbox=\"elencolavorazioni\" data-lightbox-options=\"{&quot;alwaysShowNavOnTouchDevices&quot;:false,&quot;disabledOnTablet&quot;:false,&quot;disabledOnMobile&quot;:false,&quot;disableScrolling&quot;:false,&quot;overlayColor&quot;:&quot;#000&quot;,&quot;overlayOpacity&quot;:0.8,&quot;fadeDuration&quot;:600,&quot;fitImagesInViewport&quot;:true,&quot;imageFadeDuration&quot;:600,&quot;maxHeight&quot;:&quot;&quot;,&quot;maxWidth&quot;:&quot;&quot;,&quot;positionFromTop&quot;:50,&quot;resizeDuration&quot;:700,&quot;showImageNumberLabel&quot;:true,&quot;disableCaption&quot;:&quot;&quot;,&quot;wrapAround&quot;:true,&quot;albumLabel&quot;:&quot;Elencolavorazioni %1 of %2&quot;,&quot;sanitizeTitle&quot;:true}\" data-title=\"lavorazioni meccaniche di precisione 4\" \t\t>\n\t\t\t<img \n\tsrc=\"https:\/\/www.milltech.it\/wp-content\/uploads\/2018\/07\/lavorazioni-meccaniche-di-precisione-4.jpg\" width=\"800\" height=\"531\" srcset=\"https:\/\/www.milltech.it\/wp-content\/uploads\/2018\/07\/lavorazioni-meccaniche-di-precisione-4.jpg 800w, https:\/\/www.milltech.it\/wp-content\/uploads\/2018\/07\/lavorazioni-meccaniche-di-precisione-4-600x398.jpg 600w, https:\/\/www.milltech.it\/wp-content\/uploads\/2018\/07\/lavorazioni-meccaniche-di-precisione-4-768x510.jpg 768w, https:\/\/www.milltech.it\/wp-content\/uploads\/2018\/07\/lavorazioni-meccaniche-di-precisione-4-272x182.jpg 272w, https:\/\/www.milltech.it\/wp-content\/uploads\/2018\/07\/lavorazioni-meccaniche-di-precisione-4-300x199.jpg 300w\" sizes=\"(max-width: 800px) 100vw, 800px\" title=\"lavorazioni meccaniche di precisione 4\" alt=\"\" \t\tclass=\"so-widget-image\"\/>\n\t\t\t<\/a><\/div>\n\n<\/div><\/div><div id=\"panel-924-1-2-1\" class=\"so-panel widget widget_sow-button panel-last-child\" data-index=\"11\" ><div\n\t\t\t\n\t\t\tclass=\"so-widget-sow-button so-widget-sow-button-flat-ec9d65fe35fb-924\"\n\t\t\t\n\t\t><div class=\"ow-button-base ow-button-align-center\"\n>\n\t\t\t<a\n\t\t\t\t\thref=\"https:\/\/www.milltech.it\/elenco-lavorazioni\/meccanica-in-genere\/\"\n\t\t\t\t\tclass=\"sowb-button ow-icon-placement-left\" \t>\n\t\t<span>\n\t\t\t\n\t\t\tMechanik allgemein\t\t<\/span>\n\t\t\t<\/a>\n\t<\/div>\n<\/div><\/div><\/div><\/div><div id=\"pg-924-2\"  class=\"panel-grid panel-no-style\" ><div id=\"pgc-924-2-0\"  class=\"panel-grid-cell\" ><div id=\"panel-924-2-0-0\" class=\"so-panel widget widget_sow-image panel-first-child\" data-index=\"12\" ><div\n\t\t\t\n\t\t\tclass=\"so-widget-sow-image so-widget-sow-image-default-8b5b6f678277-924\"\n\t\t\t\n\t\t>\n<div class=\"sow-image-container\">\n\t\t\t<a href=\"https:\/\/www.milltech.it\/wp-content\/uploads\/2018\/07\/Meccanica-per-biomedicale-prodotti-e1533827735994.jpg\"\n\t\t\tdata-lightbox=\"elencolavorazioni\" data-lightbox-options=\"{&quot;alwaysShowNavOnTouchDevices&quot;:false,&quot;disabledOnTablet&quot;:false,&quot;disabledOnMobile&quot;:false,&quot;disableScrolling&quot;:false,&quot;overlayColor&quot;:&quot;#000&quot;,&quot;overlayOpacity&quot;:0.8,&quot;fadeDuration&quot;:600,&quot;fitImagesInViewport&quot;:true,&quot;imageFadeDuration&quot;:600,&quot;maxHeight&quot;:&quot;&quot;,&quot;maxWidth&quot;:&quot;&quot;,&quot;positionFromTop&quot;:50,&quot;resizeDuration&quot;:700,&quot;showImageNumberLabel&quot;:true,&quot;disableCaption&quot;:&quot;&quot;,&quot;wrapAround&quot;:true,&quot;albumLabel&quot;:&quot;Elencolavorazioni %1 of %2&quot;,&quot;sanitizeTitle&quot;:true}\" data-title=\"Meccanica per biomedicale &#8211; prodotti\" \t\t>\n\t\t\t<img \n\tsrc=\"https:\/\/www.milltech.it\/wp-content\/uploads\/2018\/07\/Meccanica-per-biomedicale-prodotti-e1533827735994.jpg\" width=\"800\" height=\"532\" sizes=\"(max-width: 800px) 100vw, 800px\" title=\"Meccanica per biomedicale &#8211; prodotti\" alt=\"\" \t\tclass=\"so-widget-image\"\/>\n\t\t\t<\/a><\/div>\n\n<\/div><\/div><div id=\"panel-924-2-0-1\" class=\"so-panel widget widget_sow-button panel-last-child\" data-index=\"13\" ><div\n\t\t\t\n\t\t\tclass=\"so-widget-sow-button so-widget-sow-button-flat-ec9d65fe35fb-924\"\n\t\t\t\n\t\t><div class=\"ow-button-base ow-button-align-center\"\n>\n\t\t\t<a\n\t\t\t\t\thref=\"https:\/\/www.milltech.it\/elenco-lavorazioni\/meccanica-per-biomedicale\/\"\n\t\t\t\t\tclass=\"sowb-button ow-icon-placement-left\" \t>\n\t\t<span>\n\t\t\t\n\t\t\tMechanik f\u00fcr den Bereich Biomedizin\t\t<\/span>\n\t\t\t<\/a>\n\t<\/div>\n<\/div><\/div><\/div><div id=\"pgc-924-2-1\"  class=\"panel-grid-cell\" ><div id=\"panel-924-2-1-0\" class=\"so-panel widget widget_sow-image panel-first-child\" data-index=\"14\" ><div\n\t\t\t\n\t\t\tclass=\"so-widget-sow-image so-widget-sow-image-default-8b5b6f678277-924\"\n\t\t\t\n\t\t>\n<div class=\"sow-image-container\">\n\t\t\t<a href=\"https:\/\/www.milltech.it\/wp-content\/uploads\/2018\/07\/meccanica-per-oleodinamica.jpg\"\n\t\t\tdata-lightbox=\"elencolavorazioni\" data-lightbox-options=\"{&quot;alwaysShowNavOnTouchDevices&quot;:false,&quot;disabledOnTablet&quot;:false,&quot;disabledOnMobile&quot;:false,&quot;disableScrolling&quot;:false,&quot;overlayColor&quot;:&quot;#000&quot;,&quot;overlayOpacity&quot;:0.8,&quot;fadeDuration&quot;:600,&quot;fitImagesInViewport&quot;:true,&quot;imageFadeDuration&quot;:600,&quot;maxHeight&quot;:&quot;&quot;,&quot;maxWidth&quot;:&quot;&quot;,&quot;positionFromTop&quot;:50,&quot;resizeDuration&quot;:700,&quot;showImageNumberLabel&quot;:true,&quot;disableCaption&quot;:&quot;&quot;,&quot;wrapAround&quot;:true,&quot;albumLabel&quot;:&quot;Elencolavorazioni %1 of %2&quot;,&quot;sanitizeTitle&quot;:true}\" data-title=\"Fresatura da barra e dal pieno &#8211; meccanica per oleodinamica\" \t\t>\n\t\t\t<img \n\tsrc=\"https:\/\/www.milltech.it\/wp-content\/uploads\/2018\/07\/meccanica-per-oleodinamica.jpg\" width=\"800\" height=\"531\" srcset=\"https:\/\/www.milltech.it\/wp-content\/uploads\/2018\/07\/meccanica-per-oleodinamica.jpg 800w, https:\/\/www.milltech.it\/wp-content\/uploads\/2018\/07\/meccanica-per-oleodinamica-600x398.jpg 600w, https:\/\/www.milltech.it\/wp-content\/uploads\/2018\/07\/meccanica-per-oleodinamica-768x510.jpg 768w, https:\/\/www.milltech.it\/wp-content\/uploads\/2018\/07\/meccanica-per-oleodinamica-272x182.jpg 272w, https:\/\/www.milltech.it\/wp-content\/uploads\/2018\/07\/meccanica-per-oleodinamica-300x199.jpg 300w\" sizes=\"(max-width: 800px) 100vw, 800px\" title=\"Fresatura da barra e dal pieno &#8211; meccanica per oleodinamica\" alt=\"\" \t\tclass=\"so-widget-image\"\/>\n\t\t\t<\/a><\/div>\n\n<\/div><\/div><div id=\"panel-924-2-1-1\" class=\"so-panel widget widget_sow-button panel-last-child\" data-index=\"15\" ><div\n\t\t\t\n\t\t\tclass=\"so-widget-sow-button so-widget-sow-button-flat-ec9d65fe35fb-924\"\n\t\t\t\n\t\t><div class=\"ow-button-base ow-button-align-center\"\n>\n\t\t\t<a\n\t\t\t\t\thref=\"https:\/\/www.milltech.it\/elenco-lavorazioni\/meccanica-per-oleodinamica\/\"\n\t\t\t\t\tclass=\"sowb-button ow-icon-placement-left\" \t>\n\t\t<span>\n\t\t\t\n\t\t\tMechanik f\u00fcr den Bereich Hydraulik\t\t<\/span>\n\t\t\t<\/a>\n\t<\/div>\n<\/div><\/div><\/div><div id=\"pgc-924-2-2\"  class=\"panel-grid-cell\" ><div id=\"panel-924-2-2-0\" class=\"so-panel widget widget_sow-image panel-first-child\" data-index=\"16\" ><div\n\t\t\t\n\t\t\tclass=\"so-widget-sow-image so-widget-sow-image-default-8b5b6f678277-924\"\n\t\t\t\n\t\t>\n<div class=\"sow-image-container\">\n\t\t\t<a href=\"https:\/\/www.milltech.it\/wp-content\/uploads\/2018\/07\/lavorazione-materie-plastiche.jpg\"\n\t\t\tdata-lightbox=\"elencolavorazioni\" data-lightbox-options=\"{&quot;alwaysShowNavOnTouchDevices&quot;:false,&quot;disabledOnTablet&quot;:false,&quot;disabledOnMobile&quot;:false,&quot;disableScrolling&quot;:false,&quot;overlayColor&quot;:&quot;#000&quot;,&quot;overlayOpacity&quot;:0.8,&quot;fadeDuration&quot;:600,&quot;fitImagesInViewport&quot;:true,&quot;imageFadeDuration&quot;:600,&quot;maxHeight&quot;:&quot;&quot;,&quot;maxWidth&quot;:&quot;&quot;,&quot;positionFromTop&quot;:50,&quot;resizeDuration&quot;:700,&quot;showImageNumberLabel&quot;:true,&quot;disableCaption&quot;:&quot;&quot;,&quot;wrapAround&quot;:true,&quot;albumLabel&quot;:&quot;Elencolavorazioni %1 of %2&quot;,&quot;sanitizeTitle&quot;:true}\" data-title=\"lavorazione-materie-plastiche\" \t\t>\n\t\t\t<img \n\tsrc=\"https:\/\/www.milltech.it\/wp-content\/uploads\/2018\/07\/lavorazione-materie-plastiche.jpg\" width=\"800\" height=\"531\" srcset=\"https:\/\/www.milltech.it\/wp-content\/uploads\/2018\/07\/lavorazione-materie-plastiche.jpg 800w, https:\/\/www.milltech.it\/wp-content\/uploads\/2018\/07\/lavorazione-materie-plastiche-600x398.jpg 600w, https:\/\/www.milltech.it\/wp-content\/uploads\/2018\/07\/lavorazione-materie-plastiche-768x510.jpg 768w, https:\/\/www.milltech.it\/wp-content\/uploads\/2018\/07\/lavorazione-materie-plastiche-272x182.jpg 272w, https:\/\/www.milltech.it\/wp-content\/uploads\/2018\/07\/lavorazione-materie-plastiche-300x199.jpg 300w\" sizes=\"(max-width: 800px) 100vw, 800px\" alt=\"\" \t\tclass=\"so-widget-image\"\/>\n\t\t\t<\/a><\/div>\n\n<\/div><\/div><div id=\"panel-924-2-2-1\" class=\"so-panel widget widget_sow-button panel-last-child\" data-index=\"17\" ><div\n\t\t\t\n\t\t\tclass=\"so-widget-sow-button so-widget-sow-button-flat-ec9d65fe35fb-924\"\n\t\t\t\n\t\t><div class=\"ow-button-base ow-button-align-center\"\n>\n\t\t\t<a\n\t\t\t\t\thref=\"https:\/\/www.milltech.it\/elenco-lavorazioni\/lavorazione-materie-plastiche\/\"\n\t\t\t\t\tclass=\"sowb-button ow-icon-placement-left\" \t>\n\t\t<span>\n\t\t\t\n\t\t\tKunststoff-Verarbeitung\t\t<\/span>\n\t\t\t<\/a>\n\t<\/div>\n<\/div><\/div><\/div><\/div><\/div>","protected":false},"excerpt":{"rendered":"<p>Titan-Verarbeitung Gie\u00dfen Mechanik f\u00fcr den Bereich Optik Mechanik f\u00fcr den Bereich Elektronik Plattenherstellung Mechanik allgemein Mechanik f\u00fcr den Bereich Biomedizin Mechanik f\u00fcr den Bereich Hydraulik Kunststoff-Verarbeitung<\/p>\n","protected":false},"author":1,"featured_media":0,"parent":0,"menu_order":0,"comment_status":"closed","ping_status":"closed","template":"templates\/template-full-notitle.php","meta":{"footnotes":""},"class_list":["post-924","page","type-page","status-publish","hentry","post"],"_links":{"self":[{"href":"https:\/\/www.milltech.it\/de\/wp-json\/wp\/v2\/pages\/924","targetHints":{"allow":["GET"]}}],"collection":[{"href":"https:\/\/www.milltech.it\/de\/wp-json\/wp\/v2\/pages"}],"about":[{"href":"https:\/\/www.milltech.it\/de\/wp-json\/wp\/v2\/types\/page"}],"author":[{"embeddable":true,"href":"https:\/\/www.milltech.it\/de\/wp-json\/wp\/v2\/users\/1"}],"replies":[{"embeddable":true,"href":"https:\/\/www.milltech.it\/de\/wp-json\/wp\/v2\/comments?post=924"}],"version-history":[{"count":0,"href":"https:\/\/www.milltech.it\/de\/wp-json\/wp\/v2\/pages\/924\/revisions"}],"wp:attachment":[{"href":"https:\/\/www.milltech.it\/de\/wp-json\/wp\/v2\/media?parent=924"}],"curies":[{"name":"wp","href":"https:\/\/api.w.org\/{rel}","templated":true}]}}