{"id":903,"date":"2018-10-07T22:14:57","date_gmt":"2018-10-07T22:14:57","guid":{"rendered":"http:\/\/www.milltech.it\/?page_id=903"},"modified":"2018-10-07T22:14:57","modified_gmt":"2018-10-07T22:14:57","slug":"cookies-richtlinien","status":"publish","type":"page","link":"https:\/\/www.milltech.it\/de\/cookies-richtlinien\/","title":{"rendered":"Cookies-Richtlinien"},"content":{"rendered":"<p><strong>Detaillierte Cookie-Policy<\/strong><\/p>\n<p>Cookies sind kurze Text-Dateien, die in Ihrem Browser gespeichert werden. Cookies helfen dem Inhaber bei der Lieferung von Diensten nach den beschriebenen Zwecken. Manche der Zwecke, f\u00fcr welche Cookies installiert werden, k\u00f6nnen auch die Einwilligung des Nutzers erfordern.<\/p>\n<p><strong>Technische Cookies und solche f\u00fcr aggregierte Statistik<\/strong><\/p>\n<ul>\n<li>Unbedingt erforderliche Aktivit\u00e4ten f\u00fcr das Funktionieren des Dienstes<\/li>\n<\/ul>\n<p>Diese Applikation benutzt Cookies, um die Session des Nutzers zu speichern und f\u00fcr andere unbedingt erforderliche Aktivit\u00e4ten f\u00fcr das Funktionieren desselben, z.B. in Bezug auf die Verkehrsdaten.<\/p>\n<ul>\n<li>Speichern von Pr\u00e4ferenzen, Optimierung und Statistiken<\/li>\n<\/ul>\n<p>Diese Applikation benutzt Cookies, um die Navigationspr\u00e4ferenzen zu speichern und um die Navigationserfahrung des Nutzers zu optimieren. Zu diesen Cookies geh\u00f6ren z.B. diese f\u00fcr die Einstellung der Sprache und der W\u00e4hrung oder f\u00fcr die Verwaltung der Statistiken seitens des Inhabers der Internetseite.<\/p>\n<p><strong>Andere Arten von Cookies oder Instrumente dritter Parteien, welche Cookies benutzen k\u00f6nnen<\/strong><\/p>\n<p>Einige der unten genannten Cookies erheben aggregierte statistische Daten. Diese Cookies erfordern die Einwilligung des Nutzers nicht unbedingt und k\u00f6nnen direkt vom Inhaber je nach den oben beschriebenen F\u00e4llen ohne Hilfe dritter Parteien verwaltet werden.<\/p>\n<p>Falls in den unten beschriebenen Instrumenten Dienste dritter Parteien stehen, k\u00f6nnen diese zus\u00e4tzlich zu den oben stehenden Regelungen und ohne das Wissen des Inhabers das Datenverkehr des Benutzers verfolgen. F\u00fcr detaillierte Informationen in diesem Hinblick ist es ratsam, die Privacy Policies der gelisteten Diensten zu kontrollieren.<\/p>\n<ul>\n<li><strong>Analysen<\/strong><\/li>\n<\/ul>\n<p>Die in dieser Sektion stehenden Dienste erlauben dem Inhaber der Verarbeitung, die Verkehrsdaten zu \u00fcberwachen und analysieren und dienen dazu, das Benehmen des Nutzers zu verfolgen.<\/p>\n<p>Google Analytics (Google Inc.)<\/p>\n<p>Google Analytics ist ein Dienst zur Analyse von Internet-Seiten, der von Google Inc. (&#8222;Google&#8220;) geliefert wird. Google benutzt die erhobenen personenbezogenen Daten, um den Applikationsgebrauch zu verfolgen und analyisieren, Berichte abzufassen und diese mit anderen von Google entwickelten Diensten mitzuteilen.<br \/>\nGoogle k\u00f6nnte die personenbezogenen Daten f\u00fcr die Kontextualisierung und Personalisierung der Werbungen seines eigenen Werbenetzwerks benutzen.<\/p>\n<p>Erhobene personenbezogene Daten: Cookies und Verkehrsdaten<\/p>\n<p>Behandlungsort : USA \u2013\u00a0<a href=\"http:\/\/www.google.com\/intl\/it\/policies\/privacy\/\" target=\"_blank\" rel=\"noopener\">Datenschutz<\/a> \u2013 <a href=\"http:\/\/tools.google.com\/dlpage\/gaoptout?hl=it\" target=\"_blank\" rel=\"noopener\">Opt Out<\/a><\/p>\n<ul>\n<li><strong>Visualisierung von Inhalten seitens externen Plattformen<\/strong><\/li>\n<\/ul>\n<p>Diese Dienste erlauben die Visualisierung von Inhalten aus externen Plattformen direkt auf den Seiten dieser Applikation und mit diesen Inhalten zu interagieren.<br \/>\nFalls ein solcher Dienst installiert ist, ist es m\u00f6glich, auch wenn die Benutzer diesen nicht benutzen, dass er Verkehrsdaten erhebt, die sich auf die Seiten beziehen, in welchen er installiert wurde.<\/p>\n<p>Widget Google Maps (Google Inc.)<\/p>\n<p>Google Maps ist ein von Google Inc. verwalteter Dienst f\u00fcr die Visualisierung von Mappen, der dieser Applikation erlaubt, die jeweiligen Inhalten auf den eigenen Seiten zu integrieren.<\/p>\n<p>Erhobene personenbezogene Daten: Cookies und Verkehrsdaten<\/p>\n<p>Behandlungsort: USA \u2013 <a href=\"http:\/\/www.google.it\/intl\/it\/policies\/privacy\/\" target=\"_blank\" rel=\"noopener\">Datenschutz<\/a><\/p>\n<p><strong>Wie kann ich die Installation von Cookies kontrollieren?<\/strong><\/p>\n<p>Zus\u00e4tzlich zu den Regelungen in diesem Dokument kann der Benutzer die eigenen Pr\u00e4ferenzen in Bezug auf Cookies direkt von seinem Browser verwalten und, z.B., die Installation von Cookies dritter Parteien verhindern. Durch die Browser-Pr\u00e4ferenzen ist es zudem m\u00f6glich, die in Vergangenheit installierten Cookies zu l\u00f6schen, inkl. das Cookie, in dem eventuell die Einwilligung zum Gebrauch von Cookies seitens dieser Internetseite gespeichert wurde. Es ist wichtig, darauf hinzuweisen, dass indem man alle Cookies sperrt, kann man das Funktionieren dieser Seite beeintr\u00e4chtigen. Der Benutzer kann Informationen zur Verwaltung der Cookies in seinem Browser auf den folgenden Seiten finden:\u00a0<a href=\"https:\/\/support.google.com\/chrome\/answer\/95647?hl=it&amp;p=cpn_cookies\" target=\"_blank\" rel=\"noopener\">Google Chrome<\/a>, <a href=\"https:\/\/support.mozilla.org\/it\/kb\/Attivare%20e%20disattivare%20i%20cookie\" target=\"_blank\" rel=\"noopener\">Mozilla Firefox<\/a>, <a href=\"https:\/\/support.apple.com\/kb\/PH19214?viewlocale=it_IT&amp;locale=en_US\" target=\"_blank\" rel=\"noopener\">Apple Safari<\/a> und <a href=\"http:\/\/windows.microsoft.com\/it-it\/windows-vista\/block-or-allow-cookies\" target=\"_blank\" rel=\"noopener\">Microsoft Windows Explorer<\/a>.<\/p>\n<p>Zudem kann der Benutzer bei von dritten Parteien gelieferten Diensten sein Recht auf Entgegenstellen der Verfolgung \u00fcben, indem man sich durch die Datenschutz-Richtlinie der dritten Partei informiert, durch das Opt-Out-Link, wenn dieser explizit geliefert ist oder indem man direkt mit der dritten Partei Kontakt aufnimmt.<\/p>\n<p>Unbeschadet vorstehender Erw\u00e4gungen informiert der Inhaber, dass der Benutzer den Dienst <a href=\"http:\/\/www.youronlinechoices.com\/\" target=\"_blank\" rel=\"noopener\">Your Online Choices <\/a>nutzen kann. Dieser Dienst erlaubt, die Verfolgungspr\u00e4ferenzen der meisten Werbe-Instrumenten zu verwalten. So ber\u00e4t der Inhaber die Benutzer, diese Ressource als zus\u00e4tzlich zu den in diesem Dokument stehenden Informationen zu benutzen.<\/p>\n<p><strong>Inhaber der Datenverarbeitung<\/strong><\/p>\n<p><strong>Milltech S.R.L.<\/strong>, Via J.F. Kennedy, 12 &#8211; 40069 &#8211; Zola Predosa (BO)<\/p>\n<p>Die Installation von Cookies und von anderen Systemen f\u00fcr Verfolgung, die von dritten Parteien durch Dienste innerhalb dieser Applikation verwaltet sind, kann technisch gesehen nicht kontrolliert werden. Deshalb ist jeder Bezug auf von dritten Parteien installierte Cookies und Systeme f\u00fcr Verfolgung richtungshinweisend. Um komplette Informationen zu haben, konsultieren Sie die Datenschutz-Regelungen der in diesem Dokument aufgelisteten dritten Diensten.<\/p>\n<p>Die Identifikation der sich auf Cookies basierenden Technologien und die enge Integration der Cookies mit dem Funktionieren von Internet sind h\u00f6chst kompliziert. Deshalb ist der Benutzer eingeladen, mit dem Inhaber Kontakt aufzunehmen, falls der Benutzer erweiterte Informationen \u00fcber den Gebrauch der Cookies selbst und \u00fcber eventuellen Gebrauch der Cookies auf dieser Internetseite, z.B. von dritten Parteien, erhalten m\u00f6chte.<\/p>\n<p><strong>Definitionen und rechtliche Hinweise<\/strong><\/p>\n<p><strong>Personenbezogene Daten (oder Daten)<\/strong><\/p>\n<p>Jede sich auf nat\u00fcrliche Person beziehende Information, identifiziert oder identifizierbar, auch indirekt, durch Bezug auf jede andere Information, inkl. eine personale Identifikationsnummer.<\/p>\n<p><strong>Gebrauchsdaten<\/strong><\/p>\n<p>Auf automatische Weise von dieser Applikation erhobene Daten (oder von Applikationen dritter Parteien, welche diese Applikation benutzen), unter denen: \u00b7 die IP-Adressen oder die Dom\u00e4nennamen der vom Benutzer genutzten Rechner zur Verbindung mit dieser Applikation;<br \/>\n\u00b7 die URI-Adressen (Uniform Resource Identifier);<br \/>\n\u00b7 der Zeitpunkt der Nachfrage;<br \/>\n\u00b7 die Weise, wie man die Nachfrage ans Server sendet;<br \/>\n\u00b7 die Dimension des in Antwort erreichten Files;<br \/>\n\u00b7 die Nummer-Kode der Antwort des Servers (erfolgreich, misslungen);<br \/>\n\u00b7 das Herkunftsland;<br \/>\n\u00b7 die Charakteristiken des Browsers und des Operationssystems, die der Besucher nutzt;<br \/>\n\u00b7 die sich auf Zeit und Dauer des Besuchs beziehende Daten (z.B. wie viel Zeit der Besucher auf jeder Seite verbringt) und<br \/>\n\u00b7 die Details \u00fcber den innerhalb der Applikation gefolgten Pfad (insbesondere die Sequenz der besuchten Seiten, die Informationen des Betriebssystems uns des IT-Umgebung des Benutzers).<\/p>\n<p><strong>Benutzer<\/strong><\/p>\n<p>Das Individuum, das diese Applikation benutzt; es soll mit dem Interessenten \u00fcbereinstimmen oder von ihm bem\u00e4chtig sein; die personenbezogenen Daten beziehen sich auf ihn.<\/p>\n<p><strong>Interessent<\/strong><\/p>\n<p>Die nat\u00fcrliche oder juristische Person, auf die sich die personenbezogenen Daten beziehen.<\/p>\n<p><strong>Zust\u00e4ndig f\u00fcr die Verarbeitung (oder Zust\u00e4ndiger)<\/strong><\/p>\n<p>Die nat\u00fcrliche oder juristische Person, die \u00f6ffentliche Verwaltung und jede andere Beh\u00f6rde, Assoziation oder Einrichtung, bem\u00e4chtigt vom Inhaber der Verarbeitung in Konformit\u00e4t mit der vorliegenden Privacy Policy.<\/p>\n<p><strong>Inhaber der Verarbeitung (oder Inhaber)<\/strong><\/p>\n<p>Die nat\u00fcrliche oder juristische Person, die \u00f6ffentliche Verwaltung und jede andere Beh\u00f6rde, Assoziation oder Einrichtung, welche das Recht, auch gemeinsam mit einem anderen Inhaber, Entscheidungen zu treffen \u00fcber Zwecke, Modalit\u00e4ten und Instrumente f\u00fcr die Behandlungen von personenbezogenen Daten, inkl. Sicherheitsprofilen, in Bezug auf das Funktionieren und den Gebrauch dieser Applikation. Der Inhaber der Verarbeitung, falls nicht anders bestimmt, ist der Inhaber dieser Applikation.<\/p>\n<p><strong>Diese Applikation<\/strong><\/p>\n<p>Das Hardware- oder Software-Tool, durch das die personenbezogenen Daten erhoben werden.<\/p>\n<p><strong>Cookie<\/strong><\/p>\n<p>Kleine Dateien, die auf dem Ger\u00e4t des Benutzers gespeichert werden.<\/p>\n<div align=\"center\">\n<hr align=\"center\" size=\"2\" width=\"100%\" \/>\n<\/div>\n<p><strong>Rechtliche Hinweise<\/strong><\/p>\n<p>Hinweis f\u00fcr die europ\u00e4ischen Benutzer: das vorliegende Informationsdokument zum Schutz der personenbezogenen Daten ist entworfen worden in Konformit\u00e4t mit den im Art.10 der Richtlinie n. 95\/46\/CE, in Richtlinie 2002\/58\/CE und sp\u00e4ter in Richtlinie 2009\/136\/CE enthaltenen Verpflichtungen in Bezug auf Cookies.<\/p>\n","protected":false},"excerpt":{"rendered":"<p>Detaillierte Cookie-Policy Cookies sind kurze Text-Dateien, die in Ihrem Browser gespeichert werden. Cookies helfen dem Inhaber bei der Lieferung von Diensten nach den beschriebenen Zwecken. Manche der Zwecke, f\u00fcr welche Cookies installiert werden, k\u00f6nnen auch die Einwilligung des Nutzers erfordern. Technische Cookies und solche f\u00fcr aggregierte Statistik Unbedingt erforderliche Aktivit\u00e4ten f\u00fcr das Funktionieren des Dienstes [&hellip;]<\/p>\n","protected":false},"author":1,"featured_media":0,"parent":0,"menu_order":0,"comment_status":"closed","ping_status":"closed","template":"","meta":{"footnotes":""},"class_list":["post-903","page","type-page","status-publish","hentry","post"],"_links":{"self":[{"href":"https:\/\/www.milltech.it\/de\/wp-json\/wp\/v2\/pages\/903","targetHints":{"allow":["GET"]}}],"collection":[{"href":"https:\/\/www.milltech.it\/de\/wp-json\/wp\/v2\/pages"}],"about":[{"href":"https:\/\/www.milltech.it\/de\/wp-json\/wp\/v2\/types\/page"}],"author":[{"embeddable":true,"href":"https:\/\/www.milltech.it\/de\/wp-json\/wp\/v2\/users\/1"}],"replies":[{"embeddable":true,"href":"https:\/\/www.milltech.it\/de\/wp-json\/wp\/v2\/comments?post=903"}],"version-history":[{"count":0,"href":"https:\/\/www.milltech.it\/de\/wp-json\/wp\/v2\/pages\/903\/revisions"}],"wp:attachment":[{"href":"https:\/\/www.milltech.it\/de\/wp-json\/wp\/v2\/media?parent=903"}],"curies":[{"name":"wp","href":"https:\/\/api.w.org\/{rel}","templated":true}]}}