{"id":884,"date":"2018-10-07T21:50:49","date_gmt":"2018-10-07T21:50:49","guid":{"rendered":"http:\/\/www.milltech.it\/?page_id=884"},"modified":"2018-10-07T21:50:49","modified_gmt":"2018-10-07T21:50:49","slug":"ausstellungen-und-messen","status":"publish","type":"page","link":"https:\/\/www.milltech.it\/de\/ausstellungen-und-messen\/","title":{"rendered":"Messen"},"content":{"rendered":"<p>Milltech ist eine international augerichtete Firma, die auf vielen Ausstellungen ausstellt.<br \/>\nHier die letzten:<\/p>\n<p>&nbsp;<\/p>\n<p><strong><em>16.03.2018<\/em><\/strong><\/p>\n<p><strong>Milltech auf der Hannover Messe 2018: H04 F01<\/strong><\/p>\n<p><img decoding=\"async\" src=\"http:\/\/www.milltech.it\/images\/News\/fairs\/MilltechHM18.png\" alt=\"MilltechHM18\" \/><\/p>\n<p>&nbsp;<\/p>\n<p>Auch dieses Jahr stellt <strong>Milltech<\/strong> auf der <a class=\"jcepopup\" title=\"Hannover Messe\" href=\"http:\/\/www.hannovermesse.de\/\" target=\"_blank\" rel=\"noopener\"><strong>Hannover Messe<\/strong><\/a>, die weltweit wichtigste Industriemesse.<\/p>\n<p>Die Messe nimmt in <strong>Hannover, vom 23. bis dem 27. April 2018<\/strong>, statt und ist ge\u00f6ffnet von <strong>9 Uhr bis 18<\/strong> Uhr.<\/p>\n<p>Besuchen Sie uns in <strong>Halle 4, Stad F01<\/strong>, es wird eine einzigartige Gelegenheit sein, um unsere <strong>hochpr\u00e4zise und hochkomplizierte <a href=\"http:\/\/www.milltech.it\/de\/Produkte\/Verarbeitung\/fraesen.html\" target=\"_self\">Fr\u00e4s-<\/a> und <a href=\"http:\/\/www.milltech.it\/de\/Milltech\/drehen.html\" target=\"_self\">Drehverarbeitungen<\/a><\/strong> f\u00fcr jeden <a href=\"http:\/\/www.milltech.it\/index.php\/de\/Produkte\/Verarbeitung\/\" target=\"_self\">Bereich<\/a> und aus jedem Werkstoff direkt zu sehen.<\/p>\n<p><a class=\"jcepopup\" href=\"http:\/\/www.hannovermesse.de\/ticketregistrierung?Rcxeckzcvzh8v7\" target=\"_blank\" rel=\"noopener\">Aktivieren Sie hier die kostenlose Eintrittskarte, die wir Ihnen reserviert haben<\/a><\/p>\n<p>Sie finden uns hier:<\/p>\n<p><strong>Stand<\/strong><br \/>\nHannover Messe Fair &#8211; Eingang Nord 3<br \/>\nHalle 4<br \/>\nStand F01<\/p>\n<p><strong>Datum<\/strong><br \/>\n23. &#8211; 27. April 2018<\/p>\n<p><strong>\u00d6ffnungszeiten<\/strong><br \/>\n9 bis 18 Uhr<\/p>\n<p>F\u00fcr weitere Informationen besuchen Sie bitte die <a class=\"jcepopup\" href=\"http:\/\/www.hannovermesse.de\/de\/teilnahme-planung\/fuer-besucher\/\" target=\"_blank\" rel=\"noopener\">Hannover Messe Webseite<\/a> oder <a href=\"mailto:marketing@milltech.it\">wenden Sie sich an uns<\/a>!<\/p>\n<p>Wir freuen uns auf Ihr Besuch!<\/p>\n<p><img loading=\"lazy\" decoding=\"async\" src=\"http:\/\/www.milltech.it\/images\/News\/Messen\/hm18_H04F01_Milltech_de.jpg\" alt=\"hm18 H04F01 Milltech de\" width=\"700\" height=\"496\" \/><\/p>\n<hr \/>\n<p>&nbsp;<\/p>\n<p><em>15.09.17<\/em><\/p>\n<p><strong>Milltech auf der Alihankinta Subcontracting Fair 2017 (Tampere 26-28.09.17)<\/strong><\/p>\n<p><a title=\"Milltech@Alihankinta2017\" href=\"http:\/\/amt.fi\/en\/company\/325388\/milltech\/\" target=\"_self\"><img decoding=\"async\" src=\"http:\/\/www.milltech.it\/images\/News\/fairs\/MilltechAlihankinta2017.png\" alt=\"MilltechAlihankinta2017\" \/><\/a><\/p>\n<p>&nbsp;<\/p>\n<p>Wir freuen uns mitzuteilen, dass dieses Jahr <a href=\"http:\/\/www.milltech.it\/de\"><strong>Milltech<\/strong><\/a>auf der <a title=\"Alihankinta\" href=\"https:\/\/www.alihankinta.fi\/en\/\" target=\"_blank\" rel=\"noopener\"><strong>Alihankinta<\/strong><\/a><strong> Zuliefermesse<\/strong> in Finnland ausstellen wird.<\/p>\n<p>Finnlands Leitmesse wird vom <strong>26. bis zum 28. September 2017<\/strong> in <strong>Tampere, Finnland <\/strong>stattfinden.<\/p>\n<p>Besuchen Sie uns auf dem<strong> institutionellen Stand ICE, <\/strong><a title=\"Stand C1047\" href=\"http:\/\/amt.fi\/en\/company\/325388\/milltech\/\" target=\"_blank\" rel=\"noopener\"><strong>Stand C1047<\/strong><\/a>, es w\u00fcrde uns freuen, Ihnen unsere <a title=\"Stanzen und Tiefziehen\" href=\"http:\/\/www.milltech.it\/index.php\/de\/Produkte\/Verarbeitung\/\" target=\"_blank\" rel=\"noopener\"><strong>Fr\u00e4s- und Drehkomponenten<\/strong><\/a> zeigen zu d\u00fcrfen.<\/p>\n<p>Sie finden uns hier:<\/p>\n<p><strong>Stand<\/strong><br \/>\nTampere Exhibition and Sports Centre\u00a0(TESC)<br \/>\nHalle C<br \/>\nStand 1047<\/p>\n<p><strong>Datum<\/strong><br \/>\n26.-27. September 2017<\/p>\n<p><strong>\u00d6ffnungszeiten<\/strong><br \/>\nDienstag-Mittwoch 9-17<br \/>\nDonnerstag 9-16<\/p>\n<p>F\u00fcr weitere Fragen, z\u00f6gern Sie nicht sich an uns <a href=\"mailto:marketing@milltech.it\">zu wenden<\/a>.<\/p>\n<p>Wir sind uns sicher, dass wir viele neue interessante Kontakte kennen lernen werden, und sind f\u00fcr diese neue Herausforderung bereit!<\/p>\n<p>&nbsp;<\/p>\n<hr \/>\n<p>&nbsp;<\/p>\n<p><em>30.08.17<\/em><\/p>\n<p><strong>Milltech nimmt an Farete 2017 teil: Hall 15 Stand S55 (Bologna, 06-07.09.17)<br \/>\n<\/strong><\/p>\n<p><a title=\"Milltech@Farete2017\" href=\"http:\/\/farete.confindustriaemilia.it\/flex\/FixedPages\/Common\/Farete.php\/L\/EN\/id\/839\/ide\/3\/BL\/aHR0cDovL2ZhcmV0ZS5jb25maW5kdXN0cmlhZW1pbGlhLml0L2ZsZXgvRml4ZWRQYWdlcy9Db21tb24vRmFyZXRlLnBocC9ML0VOL2lkZS8zP3A9MSZ0ZXh0PSZpZGw9TSZpZGM9LTE%3D\" target=\"_self\"><img loading=\"lazy\" decoding=\"async\" src=\"http:\/\/www.milltech.it\/images\/News\/fairs\/banner_per_espositorihd2.png\" alt=\"banner per espositorihd2\" width=\"728\" height=\"273\" \/><\/a><\/p>\n<p>Milltech wird dieses Jahr am Metting Point Event <a title=\"Farete2017\" href=\"http:\/\/farete.confindustriaemilia.it\/en\/home\" target=\"_self\"><strong>Farete<\/strong><\/a> teilnehmen, das in <strong>Bologna am 06.-07. September 2017 <\/strong>statt finden wird.<br \/>\nBesuchen Sie uns, um \u00fcber unsere Produktion von <a title=\"Fr\u00e4sen\" href=\"http:\/\/www.milltech.it\/de\/Produkte\/Verarbeitung\/fraesen.html\" target=\"_self\">Fr\u00e4s-<\/a> und <a title=\"Drehen\" href=\"http:\/\/www.milltech.it\/de\/Milltech\/drehen.html\" target=\"_self\">Drehkomponenten<\/a> zu sprechen, wir w\u00fcrden uns freuen, Ihre Fragen zu antworten.<\/p>\n<p><a title=\"Invitation-Farete2017\" href=\"http:\/\/www.milltech.it\/images\/News\/fairs\/invitoaFARETE17perexpo.pdf\" target=\"_self\">Klicken Sie hier, um das Formular f\u00fcr den kostenlosen Eintritt unterzuladen, das Sie bei der Kasse zeigen sollen<\/a>.<\/p>\n<p>Sie finden uns hier:<\/p>\n<p><strong>Stand<\/strong><br \/>\nMessegl\u00e4nde Bologna Fiere<br \/>\nHalle 15<br \/>\nStand S55<\/p>\n<p><strong>Datum<\/strong><br \/>\n06.-07. September 2017<\/p>\n<p><strong>\u00d6ffnungszeiten<\/strong><br \/>\n9-18<\/p>\n<p>F\u00fcr weitere Infos z\u00f6gern Sie nicht, sich an uns zu wenden, wir feuen uns auf Ihr Besuch.<\/p>\n<p>&nbsp;<\/p>\n<hr \/>\n<p>&nbsp;<\/p>\n<p>06.04.2017<\/p>\n<p><strong>Milltech auf der Hannover Messe 2017: H04 F01\/1<\/strong><\/p>\n<p>&nbsp;<\/p>\n<p><a class=\"jcepopup jcemediabox-image\" href=\"http:\/\/www.hannovermesse.de\/aussteller\/milltech\/W990949\" target=\"_blank\" rel=\"noopener\"><span class=\"jcemediabox-zoom-span\"><img decoding=\"async\" src=\"http:\/\/www.milltech.it\/images\/News\/fairs\/Milltech_HM17_H04F01-1_banner.png\" alt=\"Milltech HM17 H04F01 1 banner\" width=\"728\" \/><\/span><\/a><\/p>\n<p>&nbsp;<\/p>\n<p>Auch dieses Jahr stellt <strong>Milltech<\/strong> auf der <a class=\"jcepopup\" title=\"Hannover Messe\" href=\"http:\/\/www.hannovermesse.de\/\" target=\"_blank\" rel=\"noopener\"><strong>Hannover Messe<\/strong><\/a>, die weltweit wichtigste Industriemesse.<\/p>\n<p>Die Messe nimmt in <strong>Hannover, vom 24. bis dem 28. April 2017<\/strong>, statt und ist ge\u00f6ffnet von <strong>9 Uhr bis 18<\/strong> Uhr.<\/p>\n<p>Besuchen Sie uns in <strong>Halle 4, Stad F01\/01<\/strong>, es wird eine einzigartige Gelegenheit sein, um unsere <strong>hochpr\u00e4zise und hochkomplizierte <a href=\"http:\/\/www.milltech.it\/de\/Produkte\/Verarbeitung\/fraesen.html\" target=\"_self\">Fr\u00e4s-<\/a> und <a href=\"http:\/\/www.milltech.it\/de\/Milltech\/drehen.html\" target=\"_self\">Drehverarbeitungen<\/a><\/strong> f\u00fcr jeden <a href=\"http:\/\/www.milltech.it\/index.php\/de\/Produkte\/Verarbeitung\/\" target=\"_self\">Bereich<\/a> und aus jedem Werkstoff direkt zu sehen.<\/p>\n<p><a class=\"jcepopup\" href=\"http:\/\/www.hannovermesse.de\/ticketregistrierung?Rcxeckzcvzh8v7\" target=\"_blank\" rel=\"noopener\">Aktivieren Sie hier die kostenlose Eintrittskarte, die wir Ihnen reserviert haben<\/a><\/p>\n<p>Sie finden uns hier:<\/p>\n<p><strong>Stand<\/strong><br \/>\nHannover Messe Fair &#8211; Eingang Nord 3<br \/>\nHalle 4<br \/>\nStand F01\/1<\/p>\n<p><strong>Datum<\/strong><br \/>\n24. &#8211; 28. April 2017<\/p>\n<p><strong>\u00d6ffnungszeiten<\/strong><br \/>\n9 bis 18 Uhr<\/p>\n<p>F\u00fcr weitere Informationen besuchen Sie bitte die <a class=\"jcepopup\" href=\"http:\/\/www.hannovermesse.de\/de\/teilnahme-planung\/fuer-besucher\/\" target=\"_blank\" rel=\"noopener\">Hannover Messe Webseite<\/a> oder <a href=\"mailto:marketing@milltech.it\">wenden Sie sich an uns<\/a>!<\/p>\n<p>Wir freuen uns auf Ihr Besuch!<\/p>\n<p><a class=\"jcepopup jcemediabox-image\" title=\"Milltech_HM17_H4F01\/1\" href=\"http:\/\/www.milltech.it\/images\/News\/fairs\/Milltech_HM17_H04F01-1.jpg\" target=\"_blank\" rel=\"noopener\"><span class=\"jcemediabox-zoom-span\"><img loading=\"lazy\" decoding=\"async\" src=\"http:\/\/www.milltech.it\/images\/News\/fairs\/Milltech_HM17_H04F01-1.jpg\" alt=\"Milltech HM17 H04F01 1\" width=\"750\" height=\"444\" \/><\/span><\/a><\/p>\n<p>&nbsp;<\/p>\n<hr \/>\n<p>&nbsp;<\/p>\n<p>&nbsp;<\/p>\n<p><em>06.11.2016<\/em><\/p>\n<p><strong>\u00a0Milltech wartet auf Ihnen! &#8211; Stand D25.20, Halle 1.1 &#8211; Swisstech Messe 2016 (Basel 15-18\/11\/2016)<\/strong><\/p>\n<p><img loading=\"lazy\" decoding=\"async\" src=\"http:\/\/www.milltech.it\/images\/News\/Messen\/Milltech_auf_Swisstech_2016.jpg\" alt=\"Milltech auf Swisstech 2016\" width=\"200\" height=\"85\" \/><\/p>\n<p>Milltech auf Swisstech 2016\u00a0 November ist endlich hier, und gerne laden wir Sie ein, uns auf der <a href=\"http:\/\/www.swisstech-messe.ch\/htm\/willkommen.htm?langset=de\" target=\"_self\"><strong>Swisstech Messe 2016<\/strong><\/a> in Basel, 15-18 November, zu besuchen.<\/p>\n<p>Dort k\u00f6nnen Sie unsere <strong>hochpr\u00e4zise und hochkomplizierte <a href=\"http:\/\/www.milltech.it\/de\/Produkte\/Verarbeitung\/fraesen.html\" target=\"_self\">Fr\u00e4s-<\/a> und <a href=\"http:\/\/www.milltech.it\/de\/Milltech\/drehen.html\" target=\"_self\">Drehverarbeitungen<\/a><\/strong> f\u00fcr jeden <a href=\"http:\/\/www.milltech.it\/index.php\/de\/Produkte\/Verarbeitung\/\" target=\"_self\">Bereich<\/a> und aus jedem Werkstoff direkt sehen, und mit dem <a href=\"https:\/\/www.linkedin.com\/in\/davide-muzzarini-05034063\" target=\"_self\">Gesch\u00e4ftsf\u00fchrer Davide Muzzarini <\/a>sprechen bzw. ihm Fragen stellen.<\/p>\n<p><a href=\"https:\/\/www.messe-tickets.ch\/de-ch\/2016_swisstech.aspx\/articles\/SWISSTECH-STC16\" target=\"_self\">Hier k\u00f6nnen Sie Ihren kostenlosen Tageseintritt online bestellen.<\/a><\/p>\n<p>Sie finden uns hier:<\/p>\n<p><strong>Stand<\/strong><br \/>\nMCH Messe Basel<br \/>\nHalle 1.1<br \/>\nGemeinschaftsstand \u201ePiazza Italia\u201c<br \/>\nStand D25.20<\/p>\n<p><strong>Datum<\/strong><br \/>\n15. &#8211; 18. November 2016<\/p>\n<p><strong>\u00d6ffnungszeiten<\/strong><br \/>\n9 bis 17 Uhr<\/p>\n<p>Bitte sagen Sie uns Bescheid, wenn und wann Sie uns besuchen wollen, damit wir ein bisschen Zeit f\u00fcr Sie finden k\u00f6nnen!<\/p>\n<p>F\u00fcr Fragen \u00fcber unsere Teilnahme an der Swisstech oder unsere Verarbeitungen, <a href=\"mailto:marketing@milltech.it\">wenden Sie sich bitte an uns<\/a>!<\/p>\n<p>Wir freuen uns darauf und warten auf Ihnen!<\/p>\n<p>&nbsp;<\/p>\n<hr \/>\n<p>&nbsp;<\/p>\n<p><em>27.10.2016<\/em><\/p>\n<p><strong> Milltech und das Network Camser \u201cSubcontracting Division&#8220; in Berlin f\u00fcr das 51. Symposium Einkauf und Logistik BME \u2013 Bundesverband Materialwirtschaft, Einkauf und Logistik<\/strong><\/p>\n<p><img loading=\"lazy\" decoding=\"async\" src=\"http:\/\/www.milltech.it\/images\/News\/Deu\/symposium_BME_Milltech_CamserSubcontractingDivision.jpg\" alt=\"symposium BME Milltech CamserSubcontractingDivision\" width=\"500\" height=\"318\" \/><\/p>\n<p>Wir sind hocherfreut, dass das Network <a href=\"http:\/\/www.camser.com\/EN\/Home\" target=\"_self\">Camser<\/a> <strong>\u201cSubcontracting Division\u201d<\/strong>, in welchem Milltech Mitglied ist, beim <a href=\"http:\/\/www.bme.de\/netzwerk\/young-professionals\/veranstaltungen\/symposium\/\" target=\"_self\"><strong>51. Symposium Einkauf &amp; Logistik<\/strong><\/a> BME<strong> 9-11 November 2016 in Berlin<\/strong> vertreten ist.<\/p>\n<p>Mitglieder des Networks <a href=\"http:\/\/www.camser.com\/EN\/Home\" target=\"_self\">Camser<\/a> <strong>\u201cSubcontracting Division\u201d<\/strong> sind sechs Firmen aus Bologna, die sich zum Ziel setzen, dem Kunden eine <strong>360\u00b0<\/strong> Dienstleistung f\u00fcr die Entwicklung neuer Projekte anzubieten. Von der co-engineering Phase zur Prototypen- und Vorserienfertigung, zur Industrialisierung und Realisierung des Produktes, mit den erg\u00e4nzenden Services von Montage, Verkabelung, funktionelle Kontrollen und Logistikmanagement.<\/p>\n<p>Au\u00dfer <strong>Milltech<\/strong> \u2013 spezialisiert in hoch-pr\u00e4zisen mechanischen und micromechanischen Teile, hergestellt durch <a href=\"http:\/\/www.milltech.it\/de\/Produkte\/Verarbeitung\/fraesen.html\" target=\"_self\">Fr\u00e4sen<\/a> und <a href=\"http:\/\/www.cablotech.com\/de\/\" target=\"_self\">Drehen<\/a> \u2013 die anderen Mitglieder des Networks sind:<\/p>\n<p><a href=\"http:\/\/www.cablotech.com\/de\/\" target=\"_self\"><strong>Cablotech<\/strong><\/a>: Verkabelungen, Schaltschr\u00e4nke und Montage<br \/>\n<a href=\"http:\/\/www.imtorneria.it\/\" target=\"_self\"><strong>IM torneria<\/strong><\/a>: Stahl, Kunststoff und Nichteisenmetallen Verarbeitung, Montage, Herstellung von Spannzangen f\u00fcr Bohren und starres Gewindebohren<br \/>\n<a href=\"http:\/\/www.lamipress.it\/de\/\" target=\"_self\"><strong>Lamipress<\/strong><\/a>: Planung und Entwicklung der Formwerkzeuge, Stanzen und Tiefziehen<br \/>\n<a href=\"http:\/\/www.opto5.net\/home%20eng.htm\" target=\"_self\"><strong>Opto5<\/strong><\/a>: Planung und Produktion von optischen Komponenten und Systemen<br \/>\n<a href=\"http:\/\/www.rubbimeccanica.com\/index.php?IDcod=57\" target=\"_self\"><strong>Rubbi<\/strong><\/a>:\u00a0 Laser-schneiden von Rohren und Blech, numerisch gesteuerte Biegung, roboterhaftes und manuelles Schwei\u00dfen, CNC Verarbeitung, Fertigung, partielle Vormontage<\/p>\n<p>Wir hoffen, dass die Erfahrung in Berlin uns beim Verst\u00e4ndnis der zuk\u00fcnftigen industriellen Strategien des deutschen Marktes, sowie um neue Gesch\u00e4ftsm\u00f6glichkeit zu finden, helfen wird.<\/p>\n<p>Sollten Sie einer der Besucher des Symposiums sein, laden wir Sie gerne in unserem <strong>Stand F12<\/strong> ein, um mehr Informationen zu erhalten und f\u00fcr eine konstruktive Diskussion.<\/p>\n<p>F\u00fcr weitere Informationen, z\u00f6gern Sie bitte nicht sich direkt an <a href=\"mailto:marketing@milltech.it\">uns zu wenden<\/a>!<\/p>\n","protected":false},"excerpt":{"rendered":"<p>Milltech ist eine international augerichtete Firma, die auf vielen Ausstellungen ausstellt. Hier die letzten: &nbsp; 16.03.2018 Milltech auf der Hannover Messe 2018: H04 F01 &nbsp; Auch dieses Jahr stellt Milltech auf der Hannover Messe, die weltweit wichtigste Industriemesse. Die Messe nimmt in Hannover, vom 23. bis dem 27. April 2018, statt und ist ge\u00f6ffnet von [&hellip;]<\/p>\n","protected":false},"author":1,"featured_media":0,"parent":0,"menu_order":0,"comment_status":"closed","ping_status":"closed","template":"templates\/template-full.php","meta":{"footnotes":""},"class_list":["post-884","page","type-page","status-publish","hentry","post"],"_links":{"self":[{"href":"https:\/\/www.milltech.it\/de\/wp-json\/wp\/v2\/pages\/884","targetHints":{"allow":["GET"]}}],"collection":[{"href":"https:\/\/www.milltech.it\/de\/wp-json\/wp\/v2\/pages"}],"about":[{"href":"https:\/\/www.milltech.it\/de\/wp-json\/wp\/v2\/types\/page"}],"author":[{"embeddable":true,"href":"https:\/\/www.milltech.it\/de\/wp-json\/wp\/v2\/users\/1"}],"replies":[{"embeddable":true,"href":"https:\/\/www.milltech.it\/de\/wp-json\/wp\/v2\/comments?post=884"}],"version-history":[{"count":0,"href":"https:\/\/www.milltech.it\/de\/wp-json\/wp\/v2\/pages\/884\/revisions"}],"wp:attachment":[{"href":"https:\/\/www.milltech.it\/de\/wp-json\/wp\/v2\/media?parent=884"}],"curies":[{"name":"wp","href":"https:\/\/api.w.org\/{rel}","templated":true}]}}