{"id":868,"date":"2018-10-07T21:13:30","date_gmt":"2018-10-07T21:13:30","guid":{"rendered":"http:\/\/www.milltech.it\/?page_id=868"},"modified":"2018-10-07T21:22:24","modified_gmt":"2018-10-07T21:22:24","slug":"einige-unserer-projekte","status":"publish","type":"page","link":"https:\/\/www.milltech.it\/de\/einige-unserer-projekte\/","title":{"rendered":"Einige unserer Projekte"},"content":{"rendered":"<div id=\"pl-868\"  class=\"panel-layout\" ><div id=\"pg-868-0\"  class=\"panel-grid panel-no-style\" ><div id=\"pgc-868-0-0\"  class=\"panel-grid-cell\" ><div id=\"panel-868-0-0-0\" class=\"so-panel widget widget_sow-editor panel-first-child panel-last-child\" data-index=\"0\" ><div\n\t\t\t\n\t\t\tclass=\"so-widget-sow-editor so-widget-sow-editor-base\"\n\t\t\t\n\t\t><h3 class=\"widget-title\">Einige unserer Projekte<\/h3>\n<div class=\"siteorigin-widget-tinymce textwidget\">\n\t<div class=\"siteorigin-widget-tinymce textwidget\">\n<div class=\"siteorigin-widget-tinymce textwidget\">\n<p>Milltech arbeitet f\u00fcr internationale Unternehmen, die als weltweiter Marktf\u00fchrer in ihrer Branche auftreten.<\/p>\n<p>Milltech ist Vertrauenslieferant vieler Firmen in Europa und der Welt, z.B. Italien, Schweiz, Deutschland, Frankreich, Ungarn, Slowakei, Vietnam, Malaysia...<\/p>\n<p><img loading=\"lazy\" decoding=\"async\" class=\"alignnone size-full wp-image-245\" src=\"http:\/\/www.milltech.it\/wp-content\/uploads\/2018\/07\/Milltech_in_the_world.jpg\" alt=\"\" width=\"617\" height=\"430\" srcset=\"https:\/\/www.milltech.it\/wp-content\/uploads\/2018\/07\/Milltech_in_the_world.jpg 617w, https:\/\/www.milltech.it\/wp-content\/uploads\/2018\/07\/Milltech_in_the_world-600x418.jpg 600w, https:\/\/www.milltech.it\/wp-content\/uploads\/2018\/07\/Milltech_in_the_world-300x209.jpg 300w\" sizes=\"auto, (max-width: 617px) 100vw, 617px\" \/><\/p>\n<\/div>\n<\/div>\n<\/div>\n<\/div><\/div><\/div><div id=\"pgc-868-0-1\"  class=\"panel-grid-cell\" ><div id=\"panel-868-0-1-0\" class=\"so-panel widget widget_sow-editor panel-first-child panel-last-child\" data-index=\"1\" ><div\n\t\t\t\n\t\t\tclass=\"so-widget-sow-editor so-widget-sow-editor-base\"\n\t\t\t\n\t\t><h3 class=\"widget-title\">Firmenvorstellug Video<\/h3>\n<div class=\"siteorigin-widget-tinymce textwidget\">\n\t<p><iframe loading=\"lazy\" width=\"720\" height=\"540\" src=\"https:\/\/www.youtube.com\/embed\/wO3obfA5WEA?feature=oembed\" frameborder=\"0\" allow=\"autoplay; encrypted-media\" allowfullscreen><\/iframe><\/p>\n<\/div>\n<\/div><\/div><\/div><\/div><div id=\"pg-868-1\"  class=\"panel-grid panel-no-style\" ><div id=\"pgc-868-1-0\"  class=\"panel-grid-cell\" ><div id=\"panel-868-1-0-0\" class=\"so-panel widget widget_sow-editor panel-first-child\" data-index=\"2\" ><div\n\t\t\t\n\t\t\tclass=\"so-widget-sow-editor so-widget-sow-editor-base\"\n\t\t\t\n\t\t>\n<div class=\"siteorigin-widget-tinymce textwidget\">\n\t<p>Milltech steht im kontinuierlichen Austausch mit den wichtigsten italienischen ForschungseinrichtungenF\u00fcr den Bau von Radioteleskopen stellt Milltech s\u00e4mtliche feinmechanische Komponenten her. Sie spielen eine wichtige Rolle bei der Bewegung und Steuerung der Spiegelfl\u00e4chen der Parabolantenne und bei der endg\u00fcltigen Einstellung.<\/p>\n<\/div>\n<\/div><\/div><div id=\"panel-868-1-0-1\" class=\"so-panel widget widget_sow-simple-masonry panel-last-child\" data-index=\"3\" ><div\n\t\t\t\n\t\t\tclass=\"so-widget-sow-simple-masonry so-widget-sow-simple-masonry-default-d75171398898-868\"\n\t\t\t\n\t\t>\n\n<div class=\"sow-masonry-grid\"\n\tdata-layouts=\"{&quot;desktop&quot;:{&quot;numColumns&quot;:3,&quot;rowHeight&quot;:0,&quot;gutter&quot;:20},&quot;tablet&quot;:{&quot;breakPoint&quot;:768,&quot;numColumns&quot;:2,&quot;rowHeight&quot;:0,&quot;gutter&quot;:0},&quot;mobile&quot;:{&quot;breakPoint&quot;:480,&quot;numColumns&quot;:1,&quot;rowHeight&quot;:0,&quot;gutter&quot;:0}}\" data-layout-origin-left=\"true\" >\n\t\t\t\t<div class=\"sow-masonry-grid-item\" data-col-span=\"1\"\n\t\t\t\tdata-row-span=\"2\">\n\t\t\t\t\t\t\t\t\t<a href=\"https:\/\/www.milltech.it\/wp-content\/uploads\/2018\/07\/milltech-tornitura-e-fresatura-lavori-eseguiti_01.jpg\"\n\t\t\t\t\t\t\t\t\t\t\t\t\t\t\t\t\t\tdata-lightbox=\"milltech &#8211; tornitura e fresatura &#8211; lavori eseguiti_01\" \t\t\t\t\t\t\t\t\t\t\t\t\t\t\t\t\t\t\t\t\t\t\t\tdata-lightbox-options=\"{&quot;alwaysShowNavOnTouchDevices&quot;:false,&quot;disabledOnTablet&quot;:false,&quot;disabledOnMobile&quot;:false,&quot;disableScrolling&quot;:false,&quot;overlayColor&quot;:&quot;#000&quot;,&quot;overlayOpacity&quot;:0.8,&quot;fadeDuration&quot;:600,&quot;fitImagesInViewport&quot;:true,&quot;imageFadeDuration&quot;:600,&quot;maxHeight&quot;:&quot;&quot;,&quot;maxWidth&quot;:&quot;&quot;,&quot;positionFromTop&quot;:50,&quot;resizeDuration&quot;:700,&quot;showImageNumberLabel&quot;:false,&quot;disableCaption&quot;:&quot;&quot;,&quot;wrapAround&quot;:true,&quot;albumLabel&quot;:&quot; %1 of %2&quot;}\" \t\t\t\t\t\t\t\t\t\t\t>\n\t\t\t\t\n\t\t\t\t\n\t\t\t\t<img loading=\"lazy\" decoding=\"async\" width=\"294\" height=\"413\" src=\"https:\/\/www.milltech.it\/wp-content\/uploads\/2018\/07\/milltech-tornitura-e-fresatura-lavori-eseguiti_01.jpg\" class=\"sow-masonry-grid-image\" alt=\"\" title=\"milltech &#8211; tornitura e fresatura &#8211; lavori eseguiti_01\" srcset=\"https:\/\/www.milltech.it\/wp-content\/uploads\/2018\/07\/milltech-tornitura-e-fresatura-lavori-eseguiti_01.jpg 294w, https:\/\/www.milltech.it\/wp-content\/uploads\/2018\/07\/milltech-tornitura-e-fresatura-lavori-eseguiti_01-214x300.jpg 214w\" sizes=\"auto, (max-width: 294px) 100vw, 294px\" \/>\n\t\t\t\t\n\t\t\t\t\t\t\t\t\t<\/a>\n\t\t\t\t\t\t\t<\/div>\n\t\t\t\t\t\t<div class=\"sow-masonry-grid-item\" data-col-span=\"1\"\n\t\t\t\tdata-row-span=\"1\">\n\t\t\t\t\t\t\t\t\t<a href=\"https:\/\/www.milltech.it\/wp-content\/uploads\/2018\/07\/milltech-tornitura-e-fresatura-lavori-eseguiti_03.jpg\"\n\t\t\t\t\t\t\t\t\t\t\t\t\t\t\t\t\t\tdata-lightbox=\"milltech &#8211; tornitura e fresatura &#8211; lavori eseguiti_03\" \t\t\t\t\t\t\t\t\t\t\t\t\t\t\t\t\t\t\t\t\t\t\t\tdata-lightbox-options=\"{&quot;alwaysShowNavOnTouchDevices&quot;:false,&quot;disabledOnTablet&quot;:false,&quot;disabledOnMobile&quot;:false,&quot;disableScrolling&quot;:false,&quot;overlayColor&quot;:&quot;#000&quot;,&quot;overlayOpacity&quot;:0.8,&quot;fadeDuration&quot;:600,&quot;fitImagesInViewport&quot;:true,&quot;imageFadeDuration&quot;:600,&quot;maxHeight&quot;:&quot;&quot;,&quot;maxWidth&quot;:&quot;&quot;,&quot;positionFromTop&quot;:50,&quot;resizeDuration&quot;:700,&quot;showImageNumberLabel&quot;:false,&quot;disableCaption&quot;:&quot;&quot;,&quot;wrapAround&quot;:true,&quot;albumLabel&quot;:&quot; %1 of %2&quot;}\" \t\t\t\t\t\t\t\t\t\t\t>\n\t\t\t\t\n\t\t\t\t\n\t\t\t\t<img loading=\"lazy\" decoding=\"async\" width=\"768\" height=\"512\" src=\"https:\/\/www.milltech.it\/wp-content\/uploads\/2018\/07\/milltech-tornitura-e-fresatura-lavori-eseguiti_03.jpg\" class=\"sow-masonry-grid-image\" alt=\"\" title=\"milltech &#8211; tornitura e fresatura &#8211; lavori eseguiti_03\" srcset=\"https:\/\/www.milltech.it\/wp-content\/uploads\/2018\/07\/milltech-tornitura-e-fresatura-lavori-eseguiti_03.jpg 768w, https:\/\/www.milltech.it\/wp-content\/uploads\/2018\/07\/milltech-tornitura-e-fresatura-lavori-eseguiti_03-600x400.jpg 600w, https:\/\/www.milltech.it\/wp-content\/uploads\/2018\/07\/milltech-tornitura-e-fresatura-lavori-eseguiti_03-272x182.jpg 272w, https:\/\/www.milltech.it\/wp-content\/uploads\/2018\/07\/milltech-tornitura-e-fresatura-lavori-eseguiti_03-300x200.jpg 300w\" sizes=\"auto, (max-width: 768px) 100vw, 768px\" \/>\n\t\t\t\t\n\t\t\t\t\t\t\t\t\t<\/a>\n\t\t\t\t\t\t\t<\/div>\n\t\t\t\t\t\t<div class=\"sow-masonry-grid-item\" data-col-span=\"1\"\n\t\t\t\tdata-row-span=\"1\">\n\t\t\t\t\t\t\t\t\t<a href=\"https:\/\/www.milltech.it\/wp-content\/uploads\/2018\/07\/milltech-tornitura-e-fresatura-lavori-eseguiti_04.jpg\"\n\t\t\t\t\t\t\t\t\t\t\t\t\t\t\t\t\t\tdata-lightbox=\"milltech &#8211; tornitura e fresatura &#8211; lavori eseguiti_04\" \t\t\t\t\t\t\t\t\t\t\t\t\t\t\t\t\t\t\t\t\t\t\t\tdata-lightbox-options=\"{&quot;alwaysShowNavOnTouchDevices&quot;:false,&quot;disabledOnTablet&quot;:false,&quot;disabledOnMobile&quot;:false,&quot;disableScrolling&quot;:false,&quot;overlayColor&quot;:&quot;#000&quot;,&quot;overlayOpacity&quot;:0.8,&quot;fadeDuration&quot;:600,&quot;fitImagesInViewport&quot;:true,&quot;imageFadeDuration&quot;:600,&quot;maxHeight&quot;:&quot;&quot;,&quot;maxWidth&quot;:&quot;&quot;,&quot;positionFromTop&quot;:50,&quot;resizeDuration&quot;:700,&quot;showImageNumberLabel&quot;:false,&quot;disableCaption&quot;:&quot;&quot;,&quot;wrapAround&quot;:true,&quot;albumLabel&quot;:&quot; %1 of %2&quot;}\" \t\t\t\t\t\t\t\t\t\t\t>\n\t\t\t\t\n\t\t\t\t\n\t\t\t\t<img loading=\"lazy\" decoding=\"async\" width=\"768\" height=\"512\" src=\"https:\/\/www.milltech.it\/wp-content\/uploads\/2018\/07\/milltech-tornitura-e-fresatura-lavori-eseguiti_04.jpg\" class=\"sow-masonry-grid-image\" alt=\"\" title=\"milltech &#8211; tornitura e fresatura &#8211; lavori eseguiti_04\" srcset=\"https:\/\/www.milltech.it\/wp-content\/uploads\/2018\/07\/milltech-tornitura-e-fresatura-lavori-eseguiti_04.jpg 768w, https:\/\/www.milltech.it\/wp-content\/uploads\/2018\/07\/milltech-tornitura-e-fresatura-lavori-eseguiti_04-600x400.jpg 600w, https:\/\/www.milltech.it\/wp-content\/uploads\/2018\/07\/milltech-tornitura-e-fresatura-lavori-eseguiti_04-272x182.jpg 272w, https:\/\/www.milltech.it\/wp-content\/uploads\/2018\/07\/milltech-tornitura-e-fresatura-lavori-eseguiti_04-300x200.jpg 300w\" sizes=\"auto, (max-width: 768px) 100vw, 768px\" \/>\n\t\t\t\t\n\t\t\t\t\t\t\t\t\t<\/a>\n\t\t\t\t\t\t\t<\/div>\n\t\t\t\t\t\t<div class=\"sow-masonry-grid-item\" data-col-span=\"1\"\n\t\t\t\tdata-row-span=\"1\">\n\t\t\t\t\t\t\t\t\t<a href=\"https:\/\/www.milltech.it\/wp-content\/uploads\/2018\/07\/milltech-tornitura-e-fresatura-lavori-eseguiti_02.jpg\"\n\t\t\t\t\t\t\t\t\t\t\t\t\t\t\t\t\t\tdata-lightbox=\"milltech &#8211; tornitura e fresatura &#8211; lavori eseguiti_02\" \t\t\t\t\t\t\t\t\t\t\t\t\t\t\t\t\t\t\t\t\t\t\t\tdata-lightbox-options=\"{&quot;alwaysShowNavOnTouchDevices&quot;:false,&quot;disabledOnTablet&quot;:false,&quot;disabledOnMobile&quot;:false,&quot;disableScrolling&quot;:false,&quot;overlayColor&quot;:&quot;#000&quot;,&quot;overlayOpacity&quot;:0.8,&quot;fadeDuration&quot;:600,&quot;fitImagesInViewport&quot;:true,&quot;imageFadeDuration&quot;:600,&quot;maxHeight&quot;:&quot;&quot;,&quot;maxWidth&quot;:&quot;&quot;,&quot;positionFromTop&quot;:50,&quot;resizeDuration&quot;:700,&quot;showImageNumberLabel&quot;:false,&quot;disableCaption&quot;:&quot;&quot;,&quot;wrapAround&quot;:true,&quot;albumLabel&quot;:&quot; %1 of %2&quot;}\" \t\t\t\t\t\t\t\t\t\t\t>\n\t\t\t\t\n\t\t\t\t\n\t\t\t\t<img loading=\"lazy\" decoding=\"async\" width=\"768\" height=\"512\" src=\"https:\/\/www.milltech.it\/wp-content\/uploads\/2018\/07\/milltech-tornitura-e-fresatura-lavori-eseguiti_02.jpg\" class=\"sow-masonry-grid-image\" alt=\"\" title=\"milltech &#8211; tornitura e fresatura &#8211; lavori eseguiti_02\" srcset=\"https:\/\/www.milltech.it\/wp-content\/uploads\/2018\/07\/milltech-tornitura-e-fresatura-lavori-eseguiti_02.jpg 768w, https:\/\/www.milltech.it\/wp-content\/uploads\/2018\/07\/milltech-tornitura-e-fresatura-lavori-eseguiti_02-600x400.jpg 600w, https:\/\/www.milltech.it\/wp-content\/uploads\/2018\/07\/milltech-tornitura-e-fresatura-lavori-eseguiti_02-272x182.jpg 272w, https:\/\/www.milltech.it\/wp-content\/uploads\/2018\/07\/milltech-tornitura-e-fresatura-lavori-eseguiti_02-300x200.jpg 300w\" sizes=\"auto, (max-width: 768px) 100vw, 768px\" \/>\n\t\t\t\t\n\t\t\t\t\t\t\t\t\t<\/a>\n\t\t\t\t\t\t\t<\/div>\n\t\t\t\t\t\t<div class=\"sow-masonry-grid-item\" data-col-span=\"1\"\n\t\t\t\tdata-row-span=\"1\">\n\t\t\t\t\t\t\t\t\t<a href=\"https:\/\/www.milltech.it\/wp-content\/uploads\/2018\/07\/milltech-tornitura-e-fresatura-lavori-eseguiti_05.jpg\"\n\t\t\t\t\t\t\t\t\t\t\t\t\t\t\t\t\t\tdata-lightbox=\"milltech &#8211; tornitura e fresatura &#8211; lavori eseguiti_05\" \t\t\t\t\t\t\t\t\t\t\t\t\t\t\t\t\t\t\t\t\t\t\t\tdata-lightbox-options=\"{&quot;alwaysShowNavOnTouchDevices&quot;:false,&quot;disabledOnTablet&quot;:false,&quot;disabledOnMobile&quot;:false,&quot;disableScrolling&quot;:false,&quot;overlayColor&quot;:&quot;#000&quot;,&quot;overlayOpacity&quot;:0.8,&quot;fadeDuration&quot;:600,&quot;fitImagesInViewport&quot;:true,&quot;imageFadeDuration&quot;:600,&quot;maxHeight&quot;:&quot;&quot;,&quot;maxWidth&quot;:&quot;&quot;,&quot;positionFromTop&quot;:50,&quot;resizeDuration&quot;:700,&quot;showImageNumberLabel&quot;:false,&quot;disableCaption&quot;:&quot;&quot;,&quot;wrapAround&quot;:true,&quot;albumLabel&quot;:&quot; %1 of %2&quot;}\" \t\t\t\t\t\t\t\t\t\t\t>\n\t\t\t\t\n\t\t\t\t\n\t\t\t\t<img loading=\"lazy\" decoding=\"async\" width=\"768\" height=\"512\" src=\"https:\/\/www.milltech.it\/wp-content\/uploads\/2018\/07\/milltech-tornitura-e-fresatura-lavori-eseguiti_05.jpg\" class=\"sow-masonry-grid-image\" alt=\"\" title=\"milltech &#8211; tornitura e fresatura &#8211; lavori eseguiti_05\" srcset=\"https:\/\/www.milltech.it\/wp-content\/uploads\/2018\/07\/milltech-tornitura-e-fresatura-lavori-eseguiti_05.jpg 768w, https:\/\/www.milltech.it\/wp-content\/uploads\/2018\/07\/milltech-tornitura-e-fresatura-lavori-eseguiti_05-600x400.jpg 600w, https:\/\/www.milltech.it\/wp-content\/uploads\/2018\/07\/milltech-tornitura-e-fresatura-lavori-eseguiti_05-272x182.jpg 272w, https:\/\/www.milltech.it\/wp-content\/uploads\/2018\/07\/milltech-tornitura-e-fresatura-lavori-eseguiti_05-300x200.jpg 300w\" sizes=\"auto, (max-width: 768px) 100vw, 768px\" \/>\n\t\t\t\t\n\t\t\t\t\t\t\t\t\t<\/a>\n\t\t\t\t\t\t\t<\/div>\n\t\t\t\n<\/div>\n<\/div><\/div><\/div><\/div><div id=\"pg-868-2\"  class=\"panel-grid panel-no-style\" ><div id=\"pgc-868-2-0\"  class=\"panel-grid-cell\" ><div id=\"panel-868-2-0-0\" class=\"so-panel widget widget_sow-headline panel-first-child\" data-index=\"4\" ><div\n\t\t\t\n\t\t\tclass=\"so-widget-sow-headline so-widget-sow-headline-default-ea0af4cf39ae-868\"\n\t\t\t\n\t\t><div class=\"sow-headline-container \">\n\t\t\t\t\t\t\t<h1 class=\"sow-headline\">\n\t\t\t\t\t\tFallstudie\t\t\t\t\t\t<\/h1>\n\t\t\t\t\t\t\t\t\t\t\t<div class=\"decoration\">\n\t\t\t\t\t\t<div class=\"decoration-inside\"><\/div>\n\t\t\t\t\t<\/div>\n\t\t\t\t\t\t\t\t\t\t\t<h3 class=\"sow-sub-headline\">\n\t\t\t\t\t\tWie Milltechs mechanische Komponenten zur Verbesserung der Bildsysteme im Bereich der Kurierdienste und der Verteilungszentren beigetragen hat\t\t\t\t\t\t<\/h3>\n\t\t\t\t\t\t<\/div>\n<\/div><\/div><div id=\"panel-868-2-0-1\" class=\"so-panel widget widget_sow-editor panel-last-child\" data-index=\"5\" ><div\n\t\t\t\n\t\t\tclass=\"so-widget-sow-editor so-widget-sow-editor-base\"\n\t\t\t\n\t\t>\n<div class=\"siteorigin-widget-tinymce textwidget\">\n\t<p>Wir sind froh Ihnen unsere Fallstudie mitzuteilen, die erl\u00e4utert, wie unsere mechanische Komponenten zur Verbesserung der Bildsysteme im Bereich der Kurierdienste und der Verteilungszentren beigetragen hat.<\/p>\n<p><a class=\"jcepopup jcemediabox-image\" href=\"http:\/\/www.milltech.it\/images\/News\/Milltech-Mechanische-und-feinmechanische-Komponenten.png\" target=\"_blank\" rel=\"noopener\" type=\"image\/png\"><img decoding=\"async\" class=\"aligncenter\" src=\"http:\/\/www.milltech.it\/images\/News\/s-Milltech-Mechanische-und-feinmechanische-Komponenten_-_Copia.png\" alt=\"s Milltech Mechanische und feinmechanische Komponenten Copia\" \/><\/a><\/p>\n<p>Dieser Fall demonstriert, kurz formuliert, wie entscheidend f\u00fcr den Erfolg gegen die Konkurrenz, die folgenden Faktoren gewesen sind:<\/p>\n<p><strong>Technische Kompetenz<\/strong>: die F\u00e4higkeit, hocheffiziente L\u00f6sungen f\u00fcr die Realisation jeder einzelnen mechanischen Komponente zu entwickeln;<\/p>\n<ol>\n<li><strong>Zusammen-Entwicklung<\/strong>: die F\u00e4higkeit, zusammen mit dem Kunden die technische L\u00f6sung zu entwickeln;<\/li>\n<li><strong>Organisation<\/strong>: offene Auftr\u00e4ge und F\u00e4higkeit, verschiedene Bearbeitungen integriert zu verwalten;<\/li>\n<li><strong>Zuverl\u00e4ssigkeit<\/strong>: wir halten die Lieferfristen ein.<\/li>\n<\/ol>\n<p>Diese Elemente, zusammen genommen, sorgen f\u00fcr die h\u00f6chste Zufriedenheit des Kunden, der sich zusammenfassend folgende Vorteile verschaffen hat:<\/p>\n<ol>\n<li><strong>Preisvorteil<\/strong> dank der Arbeit mit offenen Auftr\u00e4gen;<\/li>\n<li><strong>Qualit\u00e4tsvorteil<\/strong> der hergestellten mechanischen Teile, obwohl der vom Klienten nachgefragte Artikel schwer zu realisieren war, weil mehrere Produktionsphasen n\u00f6tig waren: Extrusion, Schwei\u00dfen, CNC mechanische Bearbeitung, Lackieren, Siebdruck, Waschen und personalisierte Verpackung.<\/li>\n<\/ol>\n<p>Herr Muzzarini (Milttechs General Manager) antwortet einige Fragen, um besser die Gr\u00fcnde zu verstehen, warum der Kunde genau Milltechs L\u00f6sung gew\u00e4hlt hat.<\/p>\n<p>&nbsp;<\/p>\n<p><strong>Welche war die herausfordernde Anfrage des Kunden?<\/strong><\/p>\n<p>Der Interessent, ein weltweit f\u00fchrendes Unternehmen in der Herstellung von Bildsystemen im Bereich Automation, hat sich an Milltech mit der Bitte gewendet, ein ziemlich gro\u00dfes und pr\u00e4zises Teil f\u00fcr das Anbringen der Bildsysteme herzustellen, in dem auch das Aussehen sehr wichtig war.<\/p>\n<p>&nbsp;<\/p>\n<p><strong>Welche waren die wichtigsten zu l\u00f6senden Probleme?<\/strong><\/p>\n<p>Die wichtigsten Probleme, die Milltech bew\u00e4ltigen musste, waren von sehr unterschiedlicher Natur. Wir k\u00f6nnen sie so zusammenfassen:<\/p>\n<p>1. <strong>Technische Probleme:<\/strong><\/p>\n<ul>\n<li><strong>Wie produziert man industriell hochpr\u00e4zise mikromechanische Teile?<\/strong> Um diesem Bed\u00fcrfnis nachzukommen, hat Milltech spezifische Werkzeuge entwickelt und hergestellt, die k\u00fcrzere Durchf\u00fchrungszeiten f\u00fcr die mechanische Bearbeitung erlaubt haben.<\/li>\n<li><strong>Wie entwickelt und produziert man mechanische Teile, die zus\u00e4tzlich zum extrudierten Hauptprodukt hinzugef\u00fcgt werden?<\/strong> Auch in diesem Fall, um den Bed\u00fcrfnissen des Kunden wettbewerbsf\u00e4hig und zufriedenstellend nachzukommen, hat Milltech eine L\u00f6sung ad hoc entwickelt.<\/li>\n<li><strong>Wie unterst\u00fctzt man den Kunden bei der Industrialisierung des Produkts, um die Produktionskosten zu senken?<\/strong> Um diese Forderung zu erf\u00fcllen, entwickelte Milltech zusammen mit dem Kunden die Hauptbearbeitungsprozesse so, dass sie schon w\u00e4hrend der Prototypenbauphase hocheffizient und leicht wiederholbar waren.<\/li>\n<li><strong>Probleme mit dem Aussehen der Teile<\/strong>: um diese zu l\u00f6sen, musste Milltech eine spezifische Bearbeitung hinzuf\u00fcgen, welche die Swei\u00dfpunkte minimisiert und die Lackierung der ganzen Oberfl\u00e4che erlaubt.<\/li>\n<li><strong>Ein Teil \u201cfree pass\u201d zu produzieren<\/strong>. Dies bedeutete f\u00fcr Milltech, ein mechanisches Teil zu studieren, zu welchem andere optische, elektronische und opto-mechatronische Komponenten auf pr\u00e4zise Weise hinzugef\u00fcgt werden k\u00f6nnen. Die L\u00f6sung war eine spezifische Ultraschallreinigung f\u00fcr die Entfettung des Teils.<\/li>\n<\/ul>\n<p>2.<strong>\u00a0Punktuelle Lieferungen auch w\u00e4hrend Produktionsspitzen zu garantieren<\/strong>. Zu diesem Zweck organisierte Milltech ein Lagervorrat.<\/p>\n<p>3.<strong> Lieferungen in der ganzen Welt zu garantieren. <\/strong>Dank seiner mehrj\u00e4hrigen Vetriebserfahrung in der ganzen Welt (seit 2010), ist Milltech f\u00e4hig, punktuelle Lieferungen \u00fcberall zu garantieren.<\/p>\n<p>&nbsp;<\/p>\n<p><strong>Welche sind also die von Ihnen angebotenen L\u00f6sungen und welche die Faktoren gewesen, die dazu beigetragen haben, den Auftrag zu erhalten?<\/strong><\/p>\n<p>Milltech musste verschiedene personalisierte L\u00f6sungen studieren, um sich auf einfache und \u00e4sthetisch angenehme Weise ins industrielle System des Unternehmens zu integrieren. Dieses System war f\u00fcr drastische Produktivit\u00e4tsverbesserung der Kurrierdienste und der Verteilungszentren gedacht. Milltech biet ein mechanisches Teil an, in welchem die elektronischen Systeme des Kunden leicht montiert werden k\u00f6nnen und welches sich effizient auf die automatische Vertriebslinie montieren l\u00e4sst.<\/p>\n<p><img loading=\"lazy\" decoding=\"async\" class=\"aligncenter\" src=\"http:\/\/www.milltech.it\/images\/News\/Advantages.jpg\" alt=\"Advantages\" width=\"300\" height=\"202\" \/><\/p>\n<p><strong>Welche Vorteile hat der Kunde ausgezogen, indem er an Milltech den Auftrag ergeben hat?<\/strong><\/p>\n<p>Die Hauptvorteile f\u00fcr den Kunden sind:<\/p>\n<ol>\n<li><strong>Preisvorteil<\/strong> dank Produktionseffizienz der personalisierten L\u00f6sungen:<\/li>\n<li><strong>Leichte Montierung<\/strong> der mechanischen Teile ins elektronische System des Kunden (weitere Kosteneinsparung);<\/li>\n<li><strong>Sehr gutes Aussehen<\/strong> des Teils;<\/li>\n<li><strong>Punktuelle Lieferungen<\/strong> weltweit dank Milltechs interner Organisation;<\/li>\n<li>Die Einf\u00fchrung eines Produkts auf den Markt, welches die direkten Konkurrenten wegen den mechanischen Problematiken immer noch nicht einf\u00fchren k\u00f6nnen.<\/li>\n<\/ol>\n<p>&nbsp;<\/p>\n<p><strong>Im Gro\u00dfen und Ganzen, welche sind die unterscheidenden Merkmale von Milltech?<\/strong><\/p>\n<p>Wir k\u00f6nnen die Hauptwettbewerbsvorteile von Milltech so zusammenfassen:<\/p>\n<ol>\n<li><strong>Die F\u00e4higkeit, das gesamte Produktionszyklus zu vollziehen<\/strong>: vom Prototypenbau zum fertigen Produkt;<\/li>\n<li><strong>Verwaltung hochkomplexer Auftr\u00e4ge<\/strong> dank CNC-Maschinen neuster Generation;<\/li>\n<li><strong>Produktionsvolumenflexibilit\u00e4t<\/strong> (von 10 bis 5000Stk.);<\/li>\n<li><strong>Technische Kapazit\u00e4t<\/strong> f\u00fcr die Entwicklung innovativer und personalisierter L\u00f6sungen;<\/li>\n<li><strong>Kosteng\u00fcnstigkeit<\/strong> dank digitaler Verwaltung von Bestellungen und Produktionsprozessen;<\/li>\n<li><strong>Verwaltung gestaffelter Lieferungen<\/strong>, personalisiert nach Bedarf des Kunden;<\/li>\n<li><strong>Schnelle, p\u00fcnktliche und h\u00e4ufige Lieferungen<\/strong>, auch durch anerkannte Express- und Kurrierdienste;<\/li>\n<li><strong>Management-F\u00e4higkeit<\/strong>, um als Haupt-Auftragnehmer zu fungieren; Englisch- und deutschsprachige Mitarbeiter;<\/li>\n<li><strong>Deutsch- und Englischsprachige Personal<\/strong>;<\/li>\n<li><strong>Verfolgbarkeit w\u00e4hrend jeder Bearbeitungsphase<\/strong>;<\/li>\n<li><strong>Hundertprozentige Qualit\u00e4tskontrolle<\/strong> w\u00e4hrend jeder Produktionsphase. Auf Wunsch \u00fcbermitteln wir die jeweiligen Pr\u00fcfzertifikate;<\/li>\n<li><strong>Kollaborationen mit berufsbildenden und technischen Instituten<\/strong> zur F\u00f6rderung der Mechanik-Kultur auf dem Territorium;<\/li>\n<li><strong>Geringere Umweltbelastung<\/strong> dank Photovoltaikanlage, die f\u00fcr eine unabh\u00e4ngige Energieversorgung sowie Kosteneinsparungen garantiert;<\/li>\n<li><strong>Transparenz<\/strong> (Videos\/illustrative Darstellung der Arbeitsphasen und der Produkte im Internet auf Deutsch und Englisch);<\/li>\n<li><strong>Mitgliedschaft im Konsortium CAMSER<\/strong> \u2013 einem Netzwerk von Unternehmen aus der Mechanik-Branche, das auf st\u00e4ndig verbesserte Marketingstrategien setzt und den Unternehmen zum Vorteil ihrer Kunden einen geringeren Kostenaufwand erm\u00f6glicht.<\/li>\n<\/ol>\n<p>&nbsp;<\/p>\n<p><strong>Zusammenfassend, welche sind die wichtigsten St\u00e4rken von MILLTECH?<\/strong><\/p>\n<p>Man kann die wichtigsten Wettbewerbsvorteile von Milltech so zusammenfassen:<\/p>\n<ol>\n<li><strong>Die F\u00e4higkeit, das gesamte Produktionszyklus zu vollziehen<\/strong>, von der technischen Zeichnung des Teils durch den Prototypenbau und die Produktion bis aufs fertige Teil;<\/li>\n<li><strong>Produktionsvolumenflexibilit\u00e4t<\/strong>: Milltech kann schnell von Klein- auf Mittelserien wechseln;<\/li>\n<li><strong>Zusammen-Entwicklung<\/strong>: die F&amp;E-Abteilung verf\u00fcgt \u00fcber erfahrene Techniker. Das erlabut, zusammen mit dem Kunden innovative personalisierte L\u00f6sungen zu studieren;<\/li>\n<li>Dank seiner mehrj\u00e4hrigen <strong>Vetriebserfahrung in der ganzen Welt<\/strong> (seit 2010), ist Milltech f\u00e4hig, punktuelle Lieferungen \u00fcberall zu garantieren.<\/li>\n<\/ol>\n<\/div>\n<\/div><\/div><\/div><\/div><\/div>","protected":false},"excerpt":{"rendered":"<p>Milltech arbeitet f\u00fcr internationale Unternehmen, die als weltweiter Marktf\u00fchrer in ihrer Branche auftreten. Milltech ist Vertrauenslieferant vieler Firmen in Europa und der Welt, z.B. Italien, Schweiz, Deutschland, Frankreich, Ungarn, Slowakei, Vietnam, Malaysia&#8230; https:\/\/www.youtube.com\/watch?v=wO3obfA5WEA Milltech steht im kontinuierlichen Austausch mit den wichtigsten italienischen ForschungseinrichtungenF\u00fcr den Bau von Radioteleskopen stellt Milltech s\u00e4mtliche feinmechanische Komponenten her. Sie spielen [&hellip;]<\/p>\n","protected":false},"author":1,"featured_media":0,"parent":0,"menu_order":0,"comment_status":"closed","ping_status":"closed","template":"templates\/template-full-notitle.php","meta":{"footnotes":""},"class_list":["post-868","page","type-page","status-publish","hentry","post"],"_links":{"self":[{"href":"https:\/\/www.milltech.it\/de\/wp-json\/wp\/v2\/pages\/868","targetHints":{"allow":["GET"]}}],"collection":[{"href":"https:\/\/www.milltech.it\/de\/wp-json\/wp\/v2\/pages"}],"about":[{"href":"https:\/\/www.milltech.it\/de\/wp-json\/wp\/v2\/types\/page"}],"author":[{"embeddable":true,"href":"https:\/\/www.milltech.it\/de\/wp-json\/wp\/v2\/users\/1"}],"replies":[{"embeddable":true,"href":"https:\/\/www.milltech.it\/de\/wp-json\/wp\/v2\/comments?post=868"}],"version-history":[{"count":0,"href":"https:\/\/www.milltech.it\/de\/wp-json\/wp\/v2\/pages\/868\/revisions"}],"wp:attachment":[{"href":"https:\/\/www.milltech.it\/de\/wp-json\/wp\/v2\/media?parent=868"}],"curies":[{"name":"wp","href":"https:\/\/api.w.org\/{rel}","templated":true}]}}